{"id":21086,"date":"2022-01-28T15:52:17","date_gmt":"2022-01-28T15:52:17","guid":{"rendered":"https:\/\/moirai.si\/?post_type=product&#038;p=21086"},"modified":"2025-12-17T09:02:52","modified_gmt":"2025-12-17T09:02:52","slug":"clasic-ametist-3","status":"publish","type":"product","link":"https:\/\/moirai.si\/de\/izdelek\/clasic-ametist-3\/","title":{"rendered":"Klassischer Amethyst"},"content":{"rendered":"<p>Elegantni uhani kolekcije Clasic, ki so narejeni iz Ametista in rodiniranega srebra 925.<\/p>\n<p>Weitere Informationen: <a href=\"https:\/\/moirai.si\/de\/amethyst-2\/\" target=\"_blank\" rel=\"noopener noreferrer\">Amethyst<\/a><\/p>\n<p>MATERIAL: Amethyst, Sterlingsilber 925<br \/>\nSteingr\u00f6\u00dfe: 6-8 mm<br \/>\nTE\u017dA: 4.4 g<br \/>\nL\u00c4NGE DES OHRES: 3,8 cm<\/p>","protected":false},"excerpt":{"rendered":"<p>Elegantni uhani kolekcije Clasic, ki so narejeni iz Ametista in rodiniranega srebra 925. Ve\u010d informacij: Ametist MATERIAL: Ametist, rodinirano srebro 925 VELIKOST KAMNOV: 6-8 mm TE\u017dA: 4.4 g DOL\u017dINA UHANA: 3.8 cm<\/p>","protected":false},"featured_media":26975,"template":"","meta":[],"product_brand":[],"product_cat":[33,208,848,1138,27,1141],"product_tag":[195,637],"class_list":{"0":"post-21086","1":"product","2":"type-product","3":"status-publish","4":"has-post-thumbnail","6":"product_cat-ametist","7":"product_cat-clasic","8":"product_cat-kvarc","9":"product_cat-ogled-vseh-uhani","10":"product_cat-uhani","11":"product_cat-uhani-clasic","12":"product_tag-ametist","13":"product_tag-rodinirano-srebro-925","15":"first","16":"instock","17":"shipping-taxable","18":"purchasable","19":"product-type-simple"},"_links":{"self":[{"href":"https:\/\/moirai.si\/de\/wp-json\/wp\/v2\/product\/21086","targetHints":{"allow":["GET"]}}],"collection":[{"href":"https:\/\/moirai.si\/de\/wp-json\/wp\/v2\/product"}],"about":[{"href":"https:\/\/moirai.si\/de\/wp-json\/wp\/v2\/types\/product"}],"wp:featuredmedia":[{"embeddable":true,"href":"https:\/\/moirai.si\/de\/wp-json\/wp\/v2\/media\/26975"}],"wp:attachment":[{"href":"https:\/\/moirai.si\/de\/wp-json\/wp\/v2\/media?parent=21086"}],"wp:term":[{"taxonomy":"product_brand","embeddable":true,"href":"https:\/\/moirai.si\/de\/wp-json\/wp\/v2\/product_brand?post=21086"},{"taxonomy":"product_cat","embeddable":true,"href":"https:\/\/moirai.si\/de\/wp-json\/wp\/v2\/product_cat?post=21086"},{"taxonomy":"product_tag","embeddable":true,"href":"https:\/\/moirai.si\/de\/wp-json\/wp\/v2\/product_tag?post=21086"}],"curies":[{"name":"wp","href":"https:\/\/api.w.org\/{rel}","templated":true}]}}