{"id":21098,"date":"2022-01-28T16:01:35","date_gmt":"2022-01-28T16:01:35","guid":{"rendered":"https:\/\/moirai.si\/?post_type=product&#038;p=21098"},"modified":"2025-01-12T20:18:53","modified_gmt":"2025-01-12T20:18:53","slug":"clasic-obsidijan-crni-4","status":"publish","type":"product","link":"https:\/\/moirai.si\/de\/izdelek\/clasic-obsidijan-crni-4\/","title":{"rendered":"Clasic Obsidian Schwarz"},"content":{"rendered":"<p>Elegante Ohrringe aus der Clasic-Kollektion, hergestellt aus schwarzem Obsidian und 925er Sterlingsilber.<\/p>\n<p>MATERIAL: \u010drni Obsidijan, srebro 925<br \/>\nSTEINGR\u00d6SSE: 10 mm<br \/>\nGEWICHT: 3,9 g<br \/>\nL\u00c4NGE DES OHRES: 3,3 cm<\/p>","protected":false},"excerpt":{"rendered":"<p>Elegantni uhani kolekcije Clasic, ki so narejeni iz \u010drnega Obsidijana in srebra 925. MATERIAL: \u010drni Obsidijan, srebro 925 VELIKOST KAMNOV: 10 mm TE\u017dA: 3.9 g DOL\u017dINA UHANA: 3.3 cm<\/p>","protected":false},"featured_media":23182,"template":"","meta":[],"product_brand":[],"product_cat":[208,63,1138,27,1141],"product_tag":[868,371],"class_list":{"0":"post-21098","1":"product","2":"type-product","3":"status-publish","4":"has-post-thumbnail","6":"product_cat-clasic","7":"product_cat-obsidijan","8":"product_cat-ogled-vseh-uhani","9":"product_cat-uhani","10":"product_cat-uhani-clasic","11":"product_tag-crni-obsidijan","12":"product_tag-srebro-925","14":"first","15":"instock","16":"shipping-taxable","17":"purchasable","18":"product-type-simple"},"_links":{"self":[{"href":"https:\/\/moirai.si\/de\/wp-json\/wp\/v2\/product\/21098","targetHints":{"allow":["GET"]}}],"collection":[{"href":"https:\/\/moirai.si\/de\/wp-json\/wp\/v2\/product"}],"about":[{"href":"https:\/\/moirai.si\/de\/wp-json\/wp\/v2\/types\/product"}],"wp:featuredmedia":[{"embeddable":true,"href":"https:\/\/moirai.si\/de\/wp-json\/wp\/v2\/media\/23182"}],"wp:attachment":[{"href":"https:\/\/moirai.si\/de\/wp-json\/wp\/v2\/media?parent=21098"}],"wp:term":[{"taxonomy":"product_brand","embeddable":true,"href":"https:\/\/moirai.si\/de\/wp-json\/wp\/v2\/product_brand?post=21098"},{"taxonomy":"product_cat","embeddable":true,"href":"https:\/\/moirai.si\/de\/wp-json\/wp\/v2\/product_cat?post=21098"},{"taxonomy":"product_tag","embeddable":true,"href":"https:\/\/moirai.si\/de\/wp-json\/wp\/v2\/product_tag?post=21098"}],"curies":[{"name":"wp","href":"https:\/\/api.w.org\/{rel}","templated":true}]}}