{"id":21126,"date":"2022-02-01T14:39:42","date_gmt":"2022-02-01T14:39:42","guid":{"rendered":"https:\/\/moirai.si\/?post_type=product&#038;p=21126"},"modified":"2025-08-19T20:14:50","modified_gmt":"2025-08-19T20:14:50","slug":"versy-ahat-49","status":"publish","type":"product","link":"https:\/\/moirai.si\/de\/izdelek\/versy-ahat-49\/","title":{"rendered":"Versy Achat"},"content":{"rendered":"<p>Einzigartiger Anh\u00e4nger aus der Versy-Kollektion von Ahato an einem schwarzen Hanfband mit verstellbarer L\u00e4nge (den Knoten nach oben oder unten ziehen). Die Kette ist unisex und f\u00fcr Kinder und Erwachsene geeignet. <\/p>\n<p>Weitere Informationen: <a href=\"https:\/\/moirai.si\/de\/achat\/\" target=\"_blank\" rel=\"noopener noreferrer\">Achat<\/a><\/p>\n<p>MATERIAL: Achat, schwarzer Hanf (schwarzes Hanfband)<br \/>\nL\u00c4NGE: flexibel (38-77 cm)<br \/>\nTE\u017dA: 32.4 g<br \/>\nVELIKOST KAMNA: 6.7-5.2 cm<br \/>\nSTEINDICKE: 0,4 mm<\/p>","protected":false},"excerpt":{"rendered":"<p>Unikaten obesek kolekcije Versy iz Ahata na \u010drnem konopljinem traku s prilagodljivo dol\u017eino (poteg vozla gor oz. dol). Ogrlica je unisex in je primerna za otroke in odrasle. Ve\u010d informacij: Ahat MATERIAL: Ahat, \u010drna konoplja (\u010drn trak iz konoplje) DOL\u017dINA: prilagodljiva (38-77 cm) TE\u017dA: 32.4 g VELIKOST KAMNA: 6.7-5.2 cm DEBELINA KAMNA: 0.4mm<\/p>","protected":false},"featured_media":21127,"template":"","meta":[],"product_brand":[],"product_cat":[30,909,309],"product_tag":[277,1036],"class_list":{"0":"post-21126","1":"product","2":"type-product","3":"status-publish","4":"has-post-thumbnail","6":"product_cat-ahat","7":"product_cat-obeski-in-konoplja","8":"product_cat-versy","9":"product_tag-ahat","10":"product_tag-crna-konoplja-crn-trak-iz-konoplje","12":"first","13":"instock","14":"shipping-taxable","15":"purchasable","16":"product-type-simple"},"_links":{"self":[{"href":"https:\/\/moirai.si\/de\/wp-json\/wp\/v2\/product\/21126","targetHints":{"allow":["GET"]}}],"collection":[{"href":"https:\/\/moirai.si\/de\/wp-json\/wp\/v2\/product"}],"about":[{"href":"https:\/\/moirai.si\/de\/wp-json\/wp\/v2\/types\/product"}],"wp:featuredmedia":[{"embeddable":true,"href":"https:\/\/moirai.si\/de\/wp-json\/wp\/v2\/media\/21127"}],"wp:attachment":[{"href":"https:\/\/moirai.si\/de\/wp-json\/wp\/v2\/media?parent=21126"}],"wp:term":[{"taxonomy":"product_brand","embeddable":true,"href":"https:\/\/moirai.si\/de\/wp-json\/wp\/v2\/product_brand?post=21126"},{"taxonomy":"product_cat","embeddable":true,"href":"https:\/\/moirai.si\/de\/wp-json\/wp\/v2\/product_cat?post=21126"},{"taxonomy":"product_tag","embeddable":true,"href":"https:\/\/moirai.si\/de\/wp-json\/wp\/v2\/product_tag?post=21126"}],"curies":[{"name":"wp","href":"https:\/\/api.w.org\/{rel}","templated":true}]}}