{"id":21162,"date":"2022-02-02T09:30:18","date_gmt":"2022-02-02T09:30:18","guid":{"rendered":"https:\/\/moirai.si\/?post_type=product&#038;p=21162"},"modified":"2024-03-11T09:34:26","modified_gmt":"2024-03-11T09:34:26","slug":"versy-jasper-rot-29","status":"publish","type":"product","link":"https:\/\/moirai.si\/de\/izdelek\/versy-jaspis-rdeci-29\/","title":{"rendered":"Versy Jaspis Rot"},"content":{"rendered":"<p>Einzigartiger Anh\u00e4nger aus der Versy-Kollektion aus rotem Jaspis an einem schwarzen Hanfband mit verstellbarer L\u00e4nge (den Knoten nach oben oder unten ziehen). Die Kette ist unisex und f\u00fcr Kinder und Erwachsene geeignet. <\/p>\n<p>Weitere Informationen: <a href=\"https:\/\/moirai.si\/de\/jaspis\/\" target=\"_blank\" rel=\"noopener noreferrer\">Jaspis <\/a><\/p>\n<p>MATERIAL: Roter Jaspis, schwarzer Hanf (schwarzes Hanfband)<br \/>\nL\u00c4NGE: flexibel (38-77 cm)<br \/>\nTE\u017dA: 20.9 g<br \/>\nVELIKOST KAMNA: 3.1-3.6 cm<br \/>\nSTEINST\u00c4RKE: 1,3 cm<\/p>","protected":false},"excerpt":{"rendered":"<p>Unikaten obesek kolekcije Versy iz Rde\u010dega Jaspisa na \u010drnem konopljinem traku s prilagodljivo dol\u017eino (poteg vozla gor oz. dol). Ogrlica je unisex in je primerna za otroke in odrasle. Ve\u010d informacij: Jaspis MATERIAL: Rde\u010di Jaspis, \u010drna konoplja (\u010drn trak iz konoplje) DOL\u017dINA: prilagodljiva (38-77 cm) TE\u017dA: 20.9 g VELIKOST KAMNA: 3.1-3.6 cm DEBELINA KAMNA: 1.3 [&hellip;]<\/p>\n","protected":false},"featured_media":21163,"template":"","meta":[],"product_brand":[],"product_cat":[47,909,309],"product_tag":[1036,779],"class_list":{"0":"post-21162","1":"product","2":"type-product","3":"status-publish","4":"has-post-thumbnail","6":"product_cat-jaspis","7":"product_cat-obeski-in-konoplja","8":"product_cat-versy","9":"product_tag-crna-konoplja-crn-trak-iz-konoplje","10":"product_tag-rdeci-jaspis","12":"first","13":"instock","14":"shipping-taxable","15":"purchasable","16":"product-type-simple"},"_links":{"self":[{"href":"https:\/\/moirai.si\/de\/wp-json\/wp\/v2\/product\/21162","targetHints":{"allow":["GET"]}}],"collection":[{"href":"https:\/\/moirai.si\/de\/wp-json\/wp\/v2\/product"}],"about":[{"href":"https:\/\/moirai.si\/de\/wp-json\/wp\/v2\/types\/product"}],"wp:featuredmedia":[{"embeddable":true,"href":"https:\/\/moirai.si\/de\/wp-json\/wp\/v2\/media\/21163"}],"wp:attachment":[{"href":"https:\/\/moirai.si\/de\/wp-json\/wp\/v2\/media?parent=21162"}],"wp:term":[{"taxonomy":"product_brand","embeddable":true,"href":"https:\/\/moirai.si\/de\/wp-json\/wp\/v2\/product_brand?post=21162"},{"taxonomy":"product_cat","embeddable":true,"href":"https:\/\/moirai.si\/de\/wp-json\/wp\/v2\/product_cat?post=21162"},{"taxonomy":"product_tag","embeddable":true,"href":"https:\/\/moirai.si\/de\/wp-json\/wp\/v2\/product_tag?post=21162"}],"curies":[{"name":"wp","href":"https:\/\/api.w.org\/{rel}","templated":true}]}}