{"id":21213,"date":"2022-02-02T10:03:55","date_gmt":"2022-02-02T10:03:55","guid":{"rendered":"https:\/\/moirai.si\/?post_type=product&#038;p=21213"},"modified":"2025-01-03T10:21:11","modified_gmt":"2025-01-03T10:21:11","slug":"versy-jaspis-dalmatinski-25","status":"publish","type":"product","link":"https:\/\/moirai.si\/de\/izdelek\/versy-jaspis-dalmatinski-25\/","title":{"rendered":"Versy Dalmatinischer Jaspis"},"content":{"rendered":"<p>Unikaten obesek kolekcije Versy iz Dalmatinskega Jaspisa na \u010drnem konopljinem traku s prilagodljivo dol\u017eino (poteg vozla gor oz. dol). Ogrlica je unisex in je primerna za otroke in odrasle. <\/p>\n<p>Weitere Informationen: <a href=\"https:\/\/moirai.si\/de\/jaspis\/\" target=\"_blank\" rel=\"noopener noreferrer\">Jaspis <\/a><\/p>\n<p>MATERIAL: Dalmatinski Jaspis, \u010drna konoplja (\u010drn trak iz konoplje; konopljina vrvica)<br \/>\nL\u00c4NGE: flexibel (38-77 cm)<br \/>\nGEWICHT: 10,8 g<br \/>\nVELIKOST KAMNA: 2.8-1.4 cm<br \/>\nSTEINST\u00c4RKE: 1,2 cm<\/p>","protected":false},"excerpt":{"rendered":"<p>Unikaten obesek kolekcije Versy iz Dalmatinskega Jaspisa na \u010drnem konopljinem traku s prilagodljivo dol\u017eino (poteg vozla gor oz. dol). Ogrlica je unisex in je primerna za otroke in odrasle. Ve\u010d informacij: Jaspis MATERIAL: Dalmatinski Jaspis, \u010drna konoplja (\u010drn trak iz konoplje; konopljina vrvica) DOL\u017dINA: prilagodljiva (38-77 cm) TE\u017dA: 10.8 g VELIKOST KAMNA: 2.8-1.4 cm DEBELINA [&hellip;]<\/p>\n","protected":false},"featured_media":21214,"template":"","meta":[],"product_brand":[],"product_cat":[47,909,309],"product_tag":[1036,485,1058],"class_list":{"0":"post-21213","1":"product","2":"type-product","3":"status-publish","4":"has-post-thumbnail","6":"product_cat-jaspis","7":"product_cat-obeski-in-konoplja","8":"product_cat-versy","9":"product_tag-crna-konoplja-crn-trak-iz-konoplje","10":"product_tag-dalmatinski-jaspis","11":"product_tag-konopljina-vrvica","13":"first","14":"instock","15":"shipping-taxable","16":"purchasable","17":"product-type-simple"},"_links":{"self":[{"href":"https:\/\/moirai.si\/de\/wp-json\/wp\/v2\/product\/21213","targetHints":{"allow":["GET"]}}],"collection":[{"href":"https:\/\/moirai.si\/de\/wp-json\/wp\/v2\/product"}],"about":[{"href":"https:\/\/moirai.si\/de\/wp-json\/wp\/v2\/types\/product"}],"wp:featuredmedia":[{"embeddable":true,"href":"https:\/\/moirai.si\/de\/wp-json\/wp\/v2\/media\/21214"}],"wp:attachment":[{"href":"https:\/\/moirai.si\/de\/wp-json\/wp\/v2\/media?parent=21213"}],"wp:term":[{"taxonomy":"product_brand","embeddable":true,"href":"https:\/\/moirai.si\/de\/wp-json\/wp\/v2\/product_brand?post=21213"},{"taxonomy":"product_cat","embeddable":true,"href":"https:\/\/moirai.si\/de\/wp-json\/wp\/v2\/product_cat?post=21213"},{"taxonomy":"product_tag","embeddable":true,"href":"https:\/\/moirai.si\/de\/wp-json\/wp\/v2\/product_tag?post=21213"}],"curies":[{"name":"wp","href":"https:\/\/api.w.org\/{rel}","templated":true}]}}