{"id":21344,"date":"2022-02-25T18:59:31","date_gmt":"2022-02-25T18:59:31","guid":{"rendered":"https:\/\/moirai.si\/?post_type=product&#038;p=21344"},"modified":"2025-11-11T13:35:37","modified_gmt":"2025-11-11T13:35:37","slug":"morganit","status":"publish","type":"product","link":"https:\/\/moirai.si\/de\/izdelek\/morganit\/","title":{"rendered":"Morganit"},"content":{"rendered":"<p>Ein sch\u00f6nes St\u00fcck polierter Morganit, geeignet als heilender Handstein oder als Geschenk f\u00fcr Ihre Lieben. Die Abbildung ist symbolisch. Geringe Abweichungen in Farbe, Gewicht und Form k\u00f6nnen auftreten.<\/p>\n<p>MATERIAL: Morganit<br \/>\nABMESSUNGEN: 1,5-3,5 cm<br \/>\nGEWICHT: 10-22 g<\/p>","protected":false},"excerpt":{"rendered":"<p>\u010cudovit kos spoliranega Morganita, primeren kot zdravilni ro\u010dni kamen ali kot darilo za va\u0161e najbli\u017enje. Slika je simboli\u010dna. Mo\u017ena so manj\u0161a odstopanja v barvi, te\u017ei in obliki. MATERIAL: Morganit DIMENZIJE: 1.5-3.5 cm TE\u017dA: 10-22 g<\/p>","protected":false},"featured_media":21345,"template":"","meta":[],"product_brand":[],"product_cat":[753],"product_tag":[1044],"class_list":{"0":"post-21344","1":"product","2":"type-product","3":"status-publish","4":"has-post-thumbnail","6":"product_cat-rocni-kamni","7":"product_tag-morganit","9":"first","10":"instock","11":"shipping-taxable","12":"purchasable","13":"product-type-simple"},"_links":{"self":[{"href":"https:\/\/moirai.si\/de\/wp-json\/wp\/v2\/product\/21344","targetHints":{"allow":["GET"]}}],"collection":[{"href":"https:\/\/moirai.si\/de\/wp-json\/wp\/v2\/product"}],"about":[{"href":"https:\/\/moirai.si\/de\/wp-json\/wp\/v2\/types\/product"}],"wp:featuredmedia":[{"embeddable":true,"href":"https:\/\/moirai.si\/de\/wp-json\/wp\/v2\/media\/21345"}],"wp:attachment":[{"href":"https:\/\/moirai.si\/de\/wp-json\/wp\/v2\/media?parent=21344"}],"wp:term":[{"taxonomy":"product_brand","embeddable":true,"href":"https:\/\/moirai.si\/de\/wp-json\/wp\/v2\/product_brand?post=21344"},{"taxonomy":"product_cat","embeddable":true,"href":"https:\/\/moirai.si\/de\/wp-json\/wp\/v2\/product_cat?post=21344"},{"taxonomy":"product_tag","embeddable":true,"href":"https:\/\/moirai.si\/de\/wp-json\/wp\/v2\/product_tag?post=21344"}],"curies":[{"name":"wp","href":"https:\/\/api.w.org\/{rel}","templated":true}]}}