{"id":21380,"date":"2022-03-03T11:54:14","date_gmt":"2022-03-03T11:54:14","guid":{"rendered":"https:\/\/moirai.si\/?post_type=product&#038;p=21380"},"modified":"2025-01-08T17:13:31","modified_gmt":"2025-01-08T17:13:31","slug":"kamena-strela-18","status":"publish","type":"product","link":"https:\/\/moirai.si\/de\/izdelek\/kamena-strela-18\/","title":{"rendered":"Bergkristall"},"content":{"rendered":"<p>\u010cudovit kos surove Kamene Strele, primeren kot zdravilni ro\u010dni kamen ali kot darilo za va\u0161e najbli\u017enje. <\/p>\n<p>Weitere Informationen: <a href=\"https:\/\/moirai.si\/de\/bergkristall\/\" target=\"_blank\" rel=\"noopener noreferrer\">Bergkristall<\/a><\/p>\n<p>MATERIAL: Kamena Strela<br \/>\nDIMENZIJE: 1.8-4.9 cm<br \/>\nVI\u0160INA: 3cm<br \/>\nGEWICHT: 16,2 g<\/p>","protected":false},"excerpt":{"rendered":"<p>\u010cudovit kos surove Kamene Strele, primeren kot zdravilni ro\u010dni kamen ali kot darilo za va\u0161e najbli\u017enje. Ve\u010d informacij: Kamena Strela MATERIAL: Kamena Strela DIMENZIJE: 1.8-4.9 cm VI\u0160INA: 3cm TE\u017dA: 16.2 g<\/p>","protected":false},"featured_media":25745,"template":"","meta":[],"product_brand":[],"product_cat":[68,185],"product_tag":[203],"class_list":{"0":"post-21380","1":"product","2":"type-product","3":"status-publish","4":"has-post-thumbnail","6":"product_cat-kamena-strela","7":"product_cat-kristali-in-minerali","8":"product_tag-kamena-strela","10":"first","11":"instock","12":"shipping-taxable","13":"purchasable","14":"product-type-simple"},"_links":{"self":[{"href":"https:\/\/moirai.si\/de\/wp-json\/wp\/v2\/product\/21380","targetHints":{"allow":["GET"]}}],"collection":[{"href":"https:\/\/moirai.si\/de\/wp-json\/wp\/v2\/product"}],"about":[{"href":"https:\/\/moirai.si\/de\/wp-json\/wp\/v2\/types\/product"}],"wp:featuredmedia":[{"embeddable":true,"href":"https:\/\/moirai.si\/de\/wp-json\/wp\/v2\/media\/25745"}],"wp:attachment":[{"href":"https:\/\/moirai.si\/de\/wp-json\/wp\/v2\/media?parent=21380"}],"wp:term":[{"taxonomy":"product_brand","embeddable":true,"href":"https:\/\/moirai.si\/de\/wp-json\/wp\/v2\/product_brand?post=21380"},{"taxonomy":"product_cat","embeddable":true,"href":"https:\/\/moirai.si\/de\/wp-json\/wp\/v2\/product_cat?post=21380"},{"taxonomy":"product_tag","embeddable":true,"href":"https:\/\/moirai.si\/de\/wp-json\/wp\/v2\/product_tag?post=21380"}],"curies":[{"name":"wp","href":"https:\/\/api.w.org\/{rel}","templated":true}]}}