{"id":21663,"date":"2022-04-21T12:15:58","date_gmt":"2022-04-21T12:15:58","guid":{"rendered":"https:\/\/moirai.si\/?post_type=product&#038;p=21663"},"modified":"2025-01-12T22:41:02","modified_gmt":"2025-01-12T22:41:02","slug":"le-petit-onyx","status":"publish","type":"product","link":"https:\/\/moirai.si\/de\/izdelek\/le-petit-oniks\/","title":{"rendered":"Le Petit Onyx"},"content":{"rendered":"<p>Ne\u017ena ogrlica kolekcije Le Petit, ki je narejena iz Oniksa. Ogrlica je nizana na mehko, vendar mo\u010dno jekleno \u017eico in zaklju\u010dena s srebrnimi 925 elementi. <\/p>\n<p>MATERIAL: facettierter Onyx, Sterling Silber 925<br \/>\nL\u00c4NGE: einstellbar 41,5-45cm<br \/>\nTE\u017dA:\t 11,4 g<br \/>\nSTEINGR\u00d6SSE: 6-8mm<br \/>\nSchlie\u00dfe: 9 mm<\/p>","protected":false},"excerpt":{"rendered":"<p>Ne\u017ena ogrlica kolekcije Le Petit, ki je narejena iz Oniksa. Ogrlica je nizana na mehko, vendar mo\u010dno jekleno \u017eico in zaklju\u010dena s srebrnimi 925 elementi. MATERIAL: fasetiran Oniks, srebro 925 DOL\u017dINA: prilagodljiva 41,5-45cm TE\u017dA: 11,4 g VELIKOST KAMNOV: 6-8mm ZAPONKA: 9 mm<\/p>","protected":false},"featured_media":25890,"template":"","meta":[],"product_brand":[],"product_cat":[814,211,815,816,1136,62],"product_tag":[293,371],"class_list":{"0":"post-21663","1":"product","2":"type-product","3":"status-publish","4":"has-post-thumbnail","6":"product_cat-do-42cm","7":"product_cat-le-petit","8":"product_cat-od-42-do-45cm","9":"product_cat-od-45-do-50cm","10":"product_cat-ogled-vseh","11":"product_cat-oniks","12":"product_tag-fasetiran-oniks","13":"product_tag-srebro-925","15":"first","16":"instock","17":"shipping-taxable","18":"purchasable","19":"product-type-simple"},"_links":{"self":[{"href":"https:\/\/moirai.si\/de\/wp-json\/wp\/v2\/product\/21663","targetHints":{"allow":["GET"]}}],"collection":[{"href":"https:\/\/moirai.si\/de\/wp-json\/wp\/v2\/product"}],"about":[{"href":"https:\/\/moirai.si\/de\/wp-json\/wp\/v2\/types\/product"}],"wp:featuredmedia":[{"embeddable":true,"href":"https:\/\/moirai.si\/de\/wp-json\/wp\/v2\/media\/25890"}],"wp:attachment":[{"href":"https:\/\/moirai.si\/de\/wp-json\/wp\/v2\/media?parent=21663"}],"wp:term":[{"taxonomy":"product_brand","embeddable":true,"href":"https:\/\/moirai.si\/de\/wp-json\/wp\/v2\/product_brand?post=21663"},{"taxonomy":"product_cat","embeddable":true,"href":"https:\/\/moirai.si\/de\/wp-json\/wp\/v2\/product_cat?post=21663"},{"taxonomy":"product_tag","embeddable":true,"href":"https:\/\/moirai.si\/de\/wp-json\/wp\/v2\/product_tag?post=21663"}],"curies":[{"name":"wp","href":"https:\/\/api.w.org\/{rel}","templated":true}]}}