{"id":21677,"date":"2022-04-21T13:06:45","date_gmt":"2022-04-21T13:06:45","guid":{"rendered":"https:\/\/moirai.si\/?post_type=product&#038;p=21677"},"modified":"2025-01-13T14:29:35","modified_gmt":"2025-01-13T14:29:35","slug":"makramee-quarz-rauch-2","status":"publish","type":"product","link":"https:\/\/moirai.si\/de\/izdelek\/macrame-kvarc-dimni-2\/","title":{"rendered":"Makramee Quarz-Rauch"},"content":{"rendered":"<p>Unisex-Armband aus der Macrame-Kollektion, hergestellt aus Rauchquarz. Das Armband ist flexibel und leicht zu tragen. <\/p>\n<p>MATERIAL: Rauchquarz<br \/>\nL\u00c4NGE: einstellbar von 16-25cm<br \/>\nGEWICHT: 11,1 g<br \/>\nSteingr\u00f6\u00dfe: 6-8 mm<\/p>","protected":false},"excerpt":{"rendered":"<p>Unisex zapestnica kolekcije Macrame, ki je narejena iz Dimnega Kvarca. Zapestnica je prilagodljiva in enostavna za no\u0161enje. MATERIAL: Dimni Kvarc DOL\u017dINA: prilagodljiva od 16-25cm TE\u017dA: 11.1 g VELIKOST KAMNOV: 6-8 mm<\/p>","protected":false},"featured_media":21678,"template":"","meta":[],"product_brand":[],"product_cat":[820,848,212,821,822,823,1137],"product_tag":[365],"class_list":{"0":"post-21677","1":"product","2":"type-product","3":"status-publish","4":"has-post-thumbnail","6":"product_cat-do-18cm","7":"product_cat-kvarc","8":"product_cat-macrame-2","9":"product_cat-od-18-do-19cm","10":"product_cat-od-19-do-20cm","11":"product_cat-od-20cm","12":"product_cat-ogled-vseh-zapestnice-2","13":"product_tag-dimni-kvarc","15":"first","16":"instock","17":"shipping-taxable","18":"purchasable","19":"product-type-simple"},"_links":{"self":[{"href":"https:\/\/moirai.si\/de\/wp-json\/wp\/v2\/product\/21677","targetHints":{"allow":["GET"]}}],"collection":[{"href":"https:\/\/moirai.si\/de\/wp-json\/wp\/v2\/product"}],"about":[{"href":"https:\/\/moirai.si\/de\/wp-json\/wp\/v2\/types\/product"}],"wp:featuredmedia":[{"embeddable":true,"href":"https:\/\/moirai.si\/de\/wp-json\/wp\/v2\/media\/21678"}],"wp:attachment":[{"href":"https:\/\/moirai.si\/de\/wp-json\/wp\/v2\/media?parent=21677"}],"wp:term":[{"taxonomy":"product_brand","embeddable":true,"href":"https:\/\/moirai.si\/de\/wp-json\/wp\/v2\/product_brand?post=21677"},{"taxonomy":"product_cat","embeddable":true,"href":"https:\/\/moirai.si\/de\/wp-json\/wp\/v2\/product_cat?post=21677"},{"taxonomy":"product_tag","embeddable":true,"href":"https:\/\/moirai.si\/de\/wp-json\/wp\/v2\/product_tag?post=21677"}],"curies":[{"name":"wp","href":"https:\/\/api.w.org\/{rel}","templated":true}]}}