{"id":21681,"date":"2022-04-21T13:09:13","date_gmt":"2022-04-21T13:09:13","guid":{"rendered":"https:\/\/moirai.si\/?post_type=product&#038;p=21681"},"modified":"2025-07-06T13:46:50","modified_gmt":"2025-07-06T13:46:50","slug":"makramee-obsidian-schnee-2","status":"publish","type":"product","link":"https:\/\/moirai.si\/de\/izdelek\/macrame-obsidijan-snezni-2\/","title":{"rendered":"Makramee Obsidian Schnee"},"content":{"rendered":"<p>Unisex-Armband aus der Macrame-Kollektion, hergestellt aus Snow Obsidian. Das Armband ist flexibel und leicht zu tragen. Die Abbildung ist symbolisch. Leichte Abweichungen in Farbe und Gewicht sind m\u00f6glich.<\/p>\n<p>MATERIAL: Schnee-Obsidian<br \/>\nL\u00c4NGE: einstellbar von 16-25cm<br \/>\nGEWICHT: 12 g<br \/>\nSteingr\u00f6\u00dfe: 6-8 mm<\/p>","protected":false},"excerpt":{"rendered":"<p>Unisex zapestnica kolekcije Macrame, ki je narejena iz Sne\u017enega Obsidijana. Zapestnica je prilagodljiva in enostavna za no\u0161enje. Slika je simboli\u010dna. Mo\u017ena so manj\u0161a odstopanja v barvi in te\u017ei. MATERIAL: Sne\u017eni Obsidijan DOL\u017dINA: prilagodljiva od 16-25cm TE\u017dA: 12 g VELIKOST KAMNOV: 6-8 mm<\/p>","protected":false},"featured_media":21682,"template":"","meta":[],"product_brand":[],"product_cat":[820,212,63,821,822,823,1137],"product_tag":[226],"class_list":{"0":"post-21681","1":"product","2":"type-product","3":"status-publish","4":"has-post-thumbnail","6":"product_cat-do-18cm","7":"product_cat-macrame-2","8":"product_cat-obsidijan","9":"product_cat-od-18-do-19cm","10":"product_cat-od-19-do-20cm","11":"product_cat-od-20cm","12":"product_cat-ogled-vseh-zapestnice-2","13":"product_tag-snezni-obsidijan","15":"first","16":"instock","17":"shipping-taxable","18":"purchasable","19":"product-type-simple"},"_links":{"self":[{"href":"https:\/\/moirai.si\/de\/wp-json\/wp\/v2\/product\/21681","targetHints":{"allow":["GET"]}}],"collection":[{"href":"https:\/\/moirai.si\/de\/wp-json\/wp\/v2\/product"}],"about":[{"href":"https:\/\/moirai.si\/de\/wp-json\/wp\/v2\/types\/product"}],"wp:featuredmedia":[{"embeddable":true,"href":"https:\/\/moirai.si\/de\/wp-json\/wp\/v2\/media\/21682"}],"wp:attachment":[{"href":"https:\/\/moirai.si\/de\/wp-json\/wp\/v2\/media?parent=21681"}],"wp:term":[{"taxonomy":"product_brand","embeddable":true,"href":"https:\/\/moirai.si\/de\/wp-json\/wp\/v2\/product_brand?post=21681"},{"taxonomy":"product_cat","embeddable":true,"href":"https:\/\/moirai.si\/de\/wp-json\/wp\/v2\/product_cat?post=21681"},{"taxonomy":"product_tag","embeddable":true,"href":"https:\/\/moirai.si\/de\/wp-json\/wp\/v2\/product_tag?post=21681"}],"curies":[{"name":"wp","href":"https:\/\/api.w.org\/{rel}","templated":true}]}}