{"id":21762,"date":"2022-05-04T09:49:50","date_gmt":"2022-05-04T09:49:50","guid":{"rendered":"https:\/\/moirai.si\/?post_type=product&#038;p=21762"},"modified":"2026-02-02T09:48:12","modified_gmt":"2026-02-02T09:48:12","slug":"nihalo-obsidijan-crni","status":"publish","type":"product","link":"https:\/\/moirai.si\/de\/izdelek\/nihalo-obsidijan-crni\/","title":{"rendered":"Nihalo Obsidijan \u010crni"},"content":{"rendered":"<p>Nihalo \u010drni Obsidijan. Slika je simboli\u010dna. Mo\u017ena so manj\u0161a odstopanja v barvi, te\u017ei in obliki.<\/p>\n<p>MATERIAL: schwarzer Obsidian<br \/>\nGEWICHT: 5-15 g<br \/>\nVELIKOST: 3-5 cm<\/p>","protected":false},"excerpt":{"rendered":"<p>Nihalo \u010drni Obsidijan. Slika je simboli\u010dna. Mo\u017ena so manj\u0161a odstopanja v barvi, te\u017ei in obliki. MATERIAL: \u010drni Obsidijan TE\u017dA: 5-15 g VELIKOST: 3-5 cm<\/p>","protected":false},"featured_media":21763,"template":"","meta":[],"product_brand":[],"product_cat":[754,63],"product_tag":[868],"class_list":{"0":"post-21762","1":"product","2":"type-product","3":"status-publish","4":"has-post-thumbnail","6":"product_cat-nihala","7":"product_cat-obsidijan","8":"product_tag-crni-obsidijan","10":"first","11":"outofstock","12":"shipping-taxable","13":"purchasable","14":"product-type-simple"},"_links":{"self":[{"href":"https:\/\/moirai.si\/de\/wp-json\/wp\/v2\/product\/21762","targetHints":{"allow":["GET"]}}],"collection":[{"href":"https:\/\/moirai.si\/de\/wp-json\/wp\/v2\/product"}],"about":[{"href":"https:\/\/moirai.si\/de\/wp-json\/wp\/v2\/types\/product"}],"wp:featuredmedia":[{"embeddable":true,"href":"https:\/\/moirai.si\/de\/wp-json\/wp\/v2\/media\/21763"}],"wp:attachment":[{"href":"https:\/\/moirai.si\/de\/wp-json\/wp\/v2\/media?parent=21762"}],"wp:term":[{"taxonomy":"product_brand","embeddable":true,"href":"https:\/\/moirai.si\/de\/wp-json\/wp\/v2\/product_brand?post=21762"},{"taxonomy":"product_cat","embeddable":true,"href":"https:\/\/moirai.si\/de\/wp-json\/wp\/v2\/product_cat?post=21762"},{"taxonomy":"product_tag","embeddable":true,"href":"https:\/\/moirai.si\/de\/wp-json\/wp\/v2\/product_tag?post=21762"}],"curies":[{"name":"wp","href":"https:\/\/api.w.org\/{rel}","templated":true}]}}