{"id":21884,"date":"2022-05-19T12:57:44","date_gmt":"2022-05-19T12:57:44","guid":{"rendered":"https:\/\/moirai.si\/?post_type=product&#038;p=21884"},"modified":"2025-01-08T15:58:46","modified_gmt":"2025-01-08T15:58:46","slug":"turmalin-crni-l-2","status":"publish","type":"product","link":"https:\/\/moirai.si\/de\/izdelek\/turmalin-crni-l-2\/","title":{"rendered":"Turmalin Schwarz L"},"content":{"rendered":"<p>Ein sch\u00f6nes St\u00fcck unbearbeiteter schwarzer Turmalin. Die Abbildung ist symbolisch. Geringf\u00fcgige Abweichungen in Farbe, Gewicht und Form k\u00f6nnen auftreten.<\/p>\n<p>MATERIAL: schwarzer Turmalin<br \/>\nABMESSUNGEN: ca. 7 cm<br \/>\nGEWICHT: 100-140 g<\/p>","protected":false},"excerpt":{"rendered":"<p>\u010cudovit kos neobdelanega \u010drnega Turmalina. Slika je simboli\u010dna. Mo\u017ena so manj\u0161a odstopanja v barvi, te\u017ei in obliki. MATERIAL: \u010drni Turmalin DIMENZIJE: cca 7 cm TE\u017dA: 100-140 g<\/p>","protected":false},"featured_media":25167,"template":"","meta":[],"product_brand":[],"product_cat":[185,85],"product_tag":[766],"class_list":{"0":"post-21884","1":"product","2":"type-product","3":"status-publish","4":"has-post-thumbnail","6":"product_cat-kristali-in-minerali","7":"product_cat-turmalin","8":"product_tag-crni-turmalin","10":"first","11":"instock","12":"shipping-taxable","13":"purchasable","14":"product-type-simple"},"_links":{"self":[{"href":"https:\/\/moirai.si\/de\/wp-json\/wp\/v2\/product\/21884","targetHints":{"allow":["GET"]}}],"collection":[{"href":"https:\/\/moirai.si\/de\/wp-json\/wp\/v2\/product"}],"about":[{"href":"https:\/\/moirai.si\/de\/wp-json\/wp\/v2\/types\/product"}],"wp:featuredmedia":[{"embeddable":true,"href":"https:\/\/moirai.si\/de\/wp-json\/wp\/v2\/media\/25167"}],"wp:attachment":[{"href":"https:\/\/moirai.si\/de\/wp-json\/wp\/v2\/media?parent=21884"}],"wp:term":[{"taxonomy":"product_brand","embeddable":true,"href":"https:\/\/moirai.si\/de\/wp-json\/wp\/v2\/product_brand?post=21884"},{"taxonomy":"product_cat","embeddable":true,"href":"https:\/\/moirai.si\/de\/wp-json\/wp\/v2\/product_cat?post=21884"},{"taxonomy":"product_tag","embeddable":true,"href":"https:\/\/moirai.si\/de\/wp-json\/wp\/v2\/product_tag?post=21884"}],"curies":[{"name":"wp","href":"https:\/\/api.w.org\/{rel}","templated":true}]}}