{"id":21980,"date":"2022-07-14T09:52:46","date_gmt":"2022-07-14T09:52:46","guid":{"rendered":"https:\/\/moirai.si\/?post_type=product&#038;p=21980"},"modified":"2025-03-27T13:17:10","modified_gmt":"2025-03-27T13:17:10","slug":"lederkette-80-cm-sterling-silber-925","status":"publish","type":"product","link":"https:\/\/moirai.si\/de\/izdelek\/verizica-usnje-80-cm-rodinirano-srebro-925\/","title":{"rendered":"Lederkette 80 cm Rhodiniertes Silber 925"},"content":{"rendered":"<p>Schwarze Lederkette und Sterling Silber 925.<\/p>\n<p>MATERIAL: schwarzer Schnee, Sterling Silber 925<br \/>\nGEWICHT: ca. 4,2g<br \/>\nL\u00c4NGE: 80 cm<br \/>\nBREITE: 2 mm<br \/>\nGr\u00f6\u00dfe der Schnalle: 9 mm<\/p>","protected":false},"excerpt":{"rendered":"<p>\u010crna usnjena veri\u017eica in rodinirano srebro 925. MATERIAL: \u010drno snje, rodinirano srebro 925 TE\u017dA: cca 4.2g DOL\u017dINA: 80 cm \u0160IRINA: 2 mm VELIKOST ZAPONKE: 9 mm<\/p>","protected":false},"featured_media":23956,"template":"","meta":[],"product_brand":[],"product_cat":[819,1136,911],"product_tag":[918,637],"class_list":{"0":"post-21980","1":"product","2":"type-product","3":"status-publish","4":"has-post-thumbnail","6":"product_cat-od-70cm","7":"product_cat-ogled-vseh","8":"product_cat-verizice-in-vrvice","9":"product_tag-crno-snje","10":"product_tag-rodinirano-srebro-925","12":"first","13":"instock","14":"shipping-taxable","15":"purchasable","16":"product-type-simple"},"_links":{"self":[{"href":"https:\/\/moirai.si\/de\/wp-json\/wp\/v2\/product\/21980","targetHints":{"allow":["GET"]}}],"collection":[{"href":"https:\/\/moirai.si\/de\/wp-json\/wp\/v2\/product"}],"about":[{"href":"https:\/\/moirai.si\/de\/wp-json\/wp\/v2\/types\/product"}],"wp:featuredmedia":[{"embeddable":true,"href":"https:\/\/moirai.si\/de\/wp-json\/wp\/v2\/media\/23956"}],"wp:attachment":[{"href":"https:\/\/moirai.si\/de\/wp-json\/wp\/v2\/media?parent=21980"}],"wp:term":[{"taxonomy":"product_brand","embeddable":true,"href":"https:\/\/moirai.si\/de\/wp-json\/wp\/v2\/product_brand?post=21980"},{"taxonomy":"product_cat","embeddable":true,"href":"https:\/\/moirai.si\/de\/wp-json\/wp\/v2\/product_cat?post=21980"},{"taxonomy":"product_tag","embeddable":true,"href":"https:\/\/moirai.si\/de\/wp-json\/wp\/v2\/product_tag?post=21980"}],"curies":[{"name":"wp","href":"https:\/\/api.w.org\/{rel}","templated":true}]}}