{"id":21985,"date":"2022-07-18T12:27:05","date_gmt":"2022-07-18T12:27:05","guid":{"rendered":"https:\/\/moirai.si\/?post_type=product&#038;p=21985"},"modified":"2025-02-19T16:28:35","modified_gmt":"2025-02-19T16:28:35","slug":"komplet-zascita","status":"publish","type":"product","link":"https:\/\/moirai.si\/de\/izdelek\/komplet-zascita\/","title":{"rendered":"Schutz-Kit"},"content":{"rendered":"<p>Komplet 4-ih neobdelanih Kamenih Strel za za\u0161\u010dito notranjih prostorov. Za za\u0161\u010dito prostora pred negativnimi energijami postavite v vsak kot sobe eno Kameno Strelo &#8211; \u0161pica naj bo obrnjena proti zunanjosti. Slika je simboli\u010dna. Mo\u017ena so manj\u0161a odstopanja v barvi, te\u017ei in obliki.<\/p>\n<p>MATERIAL: set 4-ih Kamenih Strel<br \/>\nDOL\u017dINA: 2.5-5cm<br \/>\nDEBELINA: cca 1,5cm<br \/>\nTE\u017dA: 40-55 g\t<\/p>","protected":false},"excerpt":{"rendered":"<p>Komplet 4-ih neobdelanih Kamenih Strel za za\u0161\u010dito notranjih prostorov. Za za\u0161\u010dito prostora pred negativnimi energijami postavite v vsak kot sobe eno Kameno Strelo &#8211; \u0161pica naj bo obrnjena proti zunanjosti. Slika je simboli\u010dna. Mo\u017ena so manj\u0161a odstopanja v barvi, te\u017ei in obliki. MATERIAL: set 4-ih Kamenih Strel DOL\u017dINA: 2.5-5cm DEBELINA: cca 1,5cm TE\u017dA: 40-55 g<\/p>","protected":false},"featured_media":25689,"template":"","meta":[],"product_brand":[],"product_cat":[68,185],"product_tag":[1055],"class_list":{"0":"post-21985","1":"product","2":"type-product","3":"status-publish","4":"has-post-thumbnail","6":"product_cat-kamena-strela","7":"product_cat-kristali-in-minerali","8":"product_tag-set-komplet-4-ih-kamenih-strel","10":"first","11":"instock","12":"shipping-taxable","13":"purchasable","14":"product-type-simple"},"_links":{"self":[{"href":"https:\/\/moirai.si\/de\/wp-json\/wp\/v2\/product\/21985","targetHints":{"allow":["GET"]}}],"collection":[{"href":"https:\/\/moirai.si\/de\/wp-json\/wp\/v2\/product"}],"about":[{"href":"https:\/\/moirai.si\/de\/wp-json\/wp\/v2\/types\/product"}],"wp:featuredmedia":[{"embeddable":true,"href":"https:\/\/moirai.si\/de\/wp-json\/wp\/v2\/media\/25689"}],"wp:attachment":[{"href":"https:\/\/moirai.si\/de\/wp-json\/wp\/v2\/media?parent=21985"}],"wp:term":[{"taxonomy":"product_brand","embeddable":true,"href":"https:\/\/moirai.si\/de\/wp-json\/wp\/v2\/product_brand?post=21985"},{"taxonomy":"product_cat","embeddable":true,"href":"https:\/\/moirai.si\/de\/wp-json\/wp\/v2\/product_cat?post=21985"},{"taxonomy":"product_tag","embeddable":true,"href":"https:\/\/moirai.si\/de\/wp-json\/wp\/v2\/product_tag?post=21985"}],"curies":[{"name":"wp","href":"https:\/\/api.w.org\/{rel}","templated":true}]}}