{"id":21997,"date":"2022-07-18T12:52:38","date_gmt":"2022-07-18T12:52:38","guid":{"rendered":"https:\/\/moirai.si\/?post_type=product&#038;p=21997"},"modified":"2025-10-13T13:08:52","modified_gmt":"2025-10-13T13:08:52","slug":"stein-donnerkeil-geode-s","status":"publish","type":"product","link":"https:\/\/moirai.si\/de\/izdelek\/kamena-strela-geoda-s\/","title":{"rendered":"Bergkristall Geode S"},"content":{"rendered":"<p>Ein wundersch\u00f6nes St\u00fcck einer ganzen rohen Geode aus dem Lightning Stone, geeignet als heilender Handstein oder als Geschenk f\u00fcr Ihre Liebsten. Die Abbildung ist symbolisch. Geringe Abweichungen in Farbe, Gewicht und Form k\u00f6nnen auftreten.<\/p>\n<p>Weitere Informationen: <a href=\"https:\/\/moirai.si\/de\/bergkristall\/\" target=\"_blank\" rel=\"noopener noreferrer\">Bergkristall<\/a><\/p>\n<p>MATERIAL: ganze Geode aus dem Stein des Blitzes<br \/>\nABMESSUNGEN: ca. 4 cm<br \/>\nGEWICHT: 20-40 g<\/p>","protected":false},"excerpt":{"rendered":"<p>\u010cudovit kos cele surove geode iz Kamene Strele, primeren kot zdravilni ro\u010dni kamen ali kot darilo za va\u0161e najbli\u017enje. Slika je simboli\u010dna. Mo\u017ena so manj\u0161a odstopanja v barvi, te\u017ei in obliki. Ve\u010d informacij: Kamena Strela MATERIAL: cela geoda iz Kamene Strele DIMENZIJE: cca 4 cm TE\u017dA: 20-40 g<\/p>","protected":false},"featured_media":21998,"template":"","meta":[],"product_brand":[],"product_cat":[68,185],"product_tag":[1056],"class_list":{"0":"post-21997","1":"product","2":"type-product","3":"status-publish","4":"has-post-thumbnail","6":"product_cat-kamena-strela","7":"product_cat-kristali-in-minerali","8":"product_tag-geoda-iz-kamene-strele","10":"first","11":"outofstock","12":"shipping-taxable","13":"purchasable","14":"product-type-simple"},"_links":{"self":[{"href":"https:\/\/moirai.si\/de\/wp-json\/wp\/v2\/product\/21997","targetHints":{"allow":["GET"]}}],"collection":[{"href":"https:\/\/moirai.si\/de\/wp-json\/wp\/v2\/product"}],"about":[{"href":"https:\/\/moirai.si\/de\/wp-json\/wp\/v2\/types\/product"}],"wp:featuredmedia":[{"embeddable":true,"href":"https:\/\/moirai.si\/de\/wp-json\/wp\/v2\/media\/21998"}],"wp:attachment":[{"href":"https:\/\/moirai.si\/de\/wp-json\/wp\/v2\/media?parent=21997"}],"wp:term":[{"taxonomy":"product_brand","embeddable":true,"href":"https:\/\/moirai.si\/de\/wp-json\/wp\/v2\/product_brand?post=21997"},{"taxonomy":"product_cat","embeddable":true,"href":"https:\/\/moirai.si\/de\/wp-json\/wp\/v2\/product_cat?post=21997"},{"taxonomy":"product_tag","embeddable":true,"href":"https:\/\/moirai.si\/de\/wp-json\/wp\/v2\/product_tag?post=21997"}],"curies":[{"name":"wp","href":"https:\/\/api.w.org\/{rel}","templated":true}]}}