{"id":22115,"date":"2022-09-05T09:01:21","date_gmt":"2022-09-05T09:01:21","guid":{"rendered":"https:\/\/moirai.si\/?post_type=product&#038;p=22115"},"modified":"2026-03-26T12:57:23","modified_gmt":"2026-03-26T12:57:23","slug":"stojalo-xxl","status":"publish","type":"product","link":"https:\/\/moirai.si\/de\/izdelek\/stojalo-xxl\/","title":{"rendered":"St\u00e4nder XXL"},"content":{"rendered":"<p>\u010cudovito ro\u010dno izdelano stojalo iz lesa. Slika je simboli\u010dna. Mo\u017ena so manj\u0161a odstopanja v barvi, te\u017ei in obliki. Slika s kroglo je le primer &#8211; krogla ni v\u0161teta v ceno. <\/p>\n<p>MATERIAL: Holz<br \/>\nDIMENZIJE:  cca 16 cm<br \/>\nTE\u017dA:  cca 40 g<\/p>","protected":false},"excerpt":{"rendered":"<p>\u010cudovito ro\u010dno izdelano stojalo iz lesa. Slika je simboli\u010dna. Mo\u017ena so manj\u0161a odstopanja v barvi, te\u017ei in obliki. Slika s kroglo je le primer &#8211; krogla ni v\u0161teta v ceno. MATERIAL: Les DIMENZIJE: cca 16 cm TE\u017dA: cca 40 g<\/p>","protected":false},"featured_media":25766,"template":"","meta":[],"product_brand":[],"product_cat":[405,755],"product_tag":[1061],"class_list":{"0":"post-22115","1":"product","2":"type-product","3":"status-publish","4":"has-post-thumbnail","6":"product_cat-akcija","7":"product_cat-mix","8":"product_tag-stojalo","10":"first","11":"instock","12":"sale","13":"shipping-taxable","14":"purchasable","15":"product-type-simple"},"_links":{"self":[{"href":"https:\/\/moirai.si\/de\/wp-json\/wp\/v2\/product\/22115","targetHints":{"allow":["GET"]}}],"collection":[{"href":"https:\/\/moirai.si\/de\/wp-json\/wp\/v2\/product"}],"about":[{"href":"https:\/\/moirai.si\/de\/wp-json\/wp\/v2\/types\/product"}],"wp:featuredmedia":[{"embeddable":true,"href":"https:\/\/moirai.si\/de\/wp-json\/wp\/v2\/media\/25766"}],"wp:attachment":[{"href":"https:\/\/moirai.si\/de\/wp-json\/wp\/v2\/media?parent=22115"}],"wp:term":[{"taxonomy":"product_brand","embeddable":true,"href":"https:\/\/moirai.si\/de\/wp-json\/wp\/v2\/product_brand?post=22115"},{"taxonomy":"product_cat","embeddable":true,"href":"https:\/\/moirai.si\/de\/wp-json\/wp\/v2\/product_cat?post=22115"},{"taxonomy":"product_tag","embeddable":true,"href":"https:\/\/moirai.si\/de\/wp-json\/wp\/v2\/product_tag?post=22115"}],"curies":[{"name":"wp","href":"https:\/\/api.w.org\/{rel}","templated":true}]}}