{"id":22118,"date":"2022-09-05T09:54:02","date_gmt":"2022-09-05T09:54:02","guid":{"rendered":"https:\/\/moirai.si\/?post_type=product&#038;p=22118"},"modified":"2025-01-08T17:55:33","modified_gmt":"2025-01-08T17:55:33","slug":"stojalo-4","status":"publish","type":"product","link":"https:\/\/moirai.si\/de\/izdelek\/stojalo-4\/","title":{"rendered":"Stand"},"content":{"rendered":"<p>\u010cudovito ro\u010dno izdelano stojalo iz lesa. Slika je simboli\u010dna. Mo\u017ena so manj\u0161a odstopanja v barvi, te\u017ei in obliki. Slika s kroglo je le primer &#8211; krogla ni v\u0161teta v ceno. <\/p>\n<p>MATERIAL: Holz<br \/>\nDIMENZIJE:  cca 4,5 cm<br \/>\nTE\u017dA:  cca 20 g<\/p>","protected":false},"excerpt":{"rendered":"<p>\u010cudovito ro\u010dno izdelano stojalo iz lesa. Slika je simboli\u010dna. Mo\u017ena so manj\u0161a odstopanja v barvi, te\u017ei in obliki. Slika s kroglo je le primer &#8211; krogla ni v\u0161teta v ceno. MATERIAL: Les DIMENZIJE: cca 4,5 cm TE\u017dA: cca 20 g<\/p>","protected":false},"featured_media":25763,"template":"","meta":[],"product_brand":[],"product_cat":[755],"product_tag":[1061],"class_list":{"0":"post-22118","1":"product","2":"type-product","3":"status-publish","4":"has-post-thumbnail","6":"product_cat-mix","7":"product_tag-stojalo","9":"first","10":"instock","11":"shipping-taxable","12":"purchasable","13":"product-type-simple"},"_links":{"self":[{"href":"https:\/\/moirai.si\/de\/wp-json\/wp\/v2\/product\/22118","targetHints":{"allow":["GET"]}}],"collection":[{"href":"https:\/\/moirai.si\/de\/wp-json\/wp\/v2\/product"}],"about":[{"href":"https:\/\/moirai.si\/de\/wp-json\/wp\/v2\/types\/product"}],"wp:featuredmedia":[{"embeddable":true,"href":"https:\/\/moirai.si\/de\/wp-json\/wp\/v2\/media\/25763"}],"wp:attachment":[{"href":"https:\/\/moirai.si\/de\/wp-json\/wp\/v2\/media?parent=22118"}],"wp:term":[{"taxonomy":"product_brand","embeddable":true,"href":"https:\/\/moirai.si\/de\/wp-json\/wp\/v2\/product_brand?post=22118"},{"taxonomy":"product_cat","embeddable":true,"href":"https:\/\/moirai.si\/de\/wp-json\/wp\/v2\/product_cat?post=22118"},{"taxonomy":"product_tag","embeddable":true,"href":"https:\/\/moirai.si\/de\/wp-json\/wp\/v2\/product_tag?post=22118"}],"curies":[{"name":"wp","href":"https:\/\/api.w.org\/{rel}","templated":true}]}}