{"id":22155,"date":"2022-09-05T11:41:41","date_gmt":"2022-09-05T11:41:41","guid":{"rendered":"https:\/\/moirai.si\/?post_type=product&#038;p=22155"},"modified":"2026-02-02T09:47:26","modified_gmt":"2026-02-02T09:47:26","slug":"nihalo-baker-11","status":"publish","type":"product","link":"https:\/\/moirai.si\/de\/izdelek\/nihalo-baker-11\/","title":{"rendered":"Nihalo-B\u00e4cker"},"content":{"rendered":"<p>Pendel aus Kupfer. Die Abbildung ist symbolisch. Geringe Abweichungen in Farbe, Gewicht und Form sind m\u00f6glich.<\/p>\n<p>MATERIAL: B\u00e4cker<br \/>\nTE\u017dA: cca 15 g<br \/>\nVELIKOST: 1.1&#215;3.5 cm<\/p>","protected":false},"excerpt":{"rendered":"<p>Bakreno nihalo. Slika je simboli\u010dna. Mo\u017ena so manj\u0161a odstopanja v barvi, te\u017ei in obliki. MATERIAL: Baker TE\u017dA: cca 15 g VELIKOST: 1.1&#215;3.5 cm<\/p>","protected":false},"featured_media":22156,"template":"","meta":[],"product_brand":[],"product_cat":[754],"product_tag":[992],"class_list":{"0":"post-22155","1":"product","2":"type-product","3":"status-publish","4":"has-post-thumbnail","6":"product_cat-nihala","7":"product_tag-nihalo-baker","9":"first","10":"instock","11":"shipping-taxable","12":"purchasable","13":"product-type-simple"},"_links":{"self":[{"href":"https:\/\/moirai.si\/de\/wp-json\/wp\/v2\/product\/22155","targetHints":{"allow":["GET"]}}],"collection":[{"href":"https:\/\/moirai.si\/de\/wp-json\/wp\/v2\/product"}],"about":[{"href":"https:\/\/moirai.si\/de\/wp-json\/wp\/v2\/types\/product"}],"wp:featuredmedia":[{"embeddable":true,"href":"https:\/\/moirai.si\/de\/wp-json\/wp\/v2\/media\/22156"}],"wp:attachment":[{"href":"https:\/\/moirai.si\/de\/wp-json\/wp\/v2\/media?parent=22155"}],"wp:term":[{"taxonomy":"product_brand","embeddable":true,"href":"https:\/\/moirai.si\/de\/wp-json\/wp\/v2\/product_brand?post=22155"},{"taxonomy":"product_cat","embeddable":true,"href":"https:\/\/moirai.si\/de\/wp-json\/wp\/v2\/product_cat?post=22155"},{"taxonomy":"product_tag","embeddable":true,"href":"https:\/\/moirai.si\/de\/wp-json\/wp\/v2\/product_tag?post=22155"}],"curies":[{"name":"wp","href":"https:\/\/api.w.org\/{rel}","templated":true}]}}