{"id":22299,"date":"2022-10-27T15:14:12","date_gmt":"2022-10-27T15:14:12","guid":{"rendered":"https:\/\/moirai.si\/?post_type=product&#038;p=22299"},"modified":"2025-11-11T13:36:34","modified_gmt":"2025-11-11T13:36:34","slug":"aquamarin-s","status":"publish","type":"product","link":"https:\/\/moirai.si\/de\/izdelek\/akvamarin-s\/","title":{"rendered":"Aquamarin S"},"content":{"rendered":"<p>Ein wundersch\u00f6nes St\u00fcck polierter Aquamarin, geeignet als heilender Handstein oder als Geschenk f\u00fcr Ihre Liebsten. Die Abbildung ist symbolisch. Geringf\u00fcgige Abweichungen in Farbe, Gewicht und Form k\u00f6nnen auftreten.<\/p>\n<p>Weitere Informationen: <a href=\"https:\/\/moirai.si\/de\/aquamarin\/\" target=\"_blank\" rel=\"noopener noreferrer\">Aquamarin<\/a><\/p>\n<p>MATERIAL: Aquamarin<br \/>\nABMESSUNGEN: ca. 1-2 cm<br \/>\nGEWICHT: 5-10 g<\/p>","protected":false},"excerpt":{"rendered":"<p>\u010cudovit kos spoliranega Akvamarina, primeren kot zdravilni ro\u010dni kamen ali kot darilo za va\u0161e najbli\u017enje. Slika je simboli\u010dna. Mo\u017ena so manj\u0161a odstopanja v barvi, te\u017ei in obliki. Ve\u010d informacij: Akvamarin MATERIAL: Akvamarin DIMENZIJE: cca 1-2 cm TE\u017dA: 5-10 g<\/p>","protected":false},"featured_media":22300,"template":"","meta":[],"product_brand":[],"product_cat":[34,753],"product_tag":[311],"class_list":{"0":"post-22299","1":"product","2":"type-product","3":"status-publish","4":"has-post-thumbnail","6":"product_cat-akvamarin","7":"product_cat-rocni-kamni","8":"product_tag-akvamarin","10":"first","11":"instock","12":"shipping-taxable","13":"purchasable","14":"product-type-simple"},"_links":{"self":[{"href":"https:\/\/moirai.si\/de\/wp-json\/wp\/v2\/product\/22299","targetHints":{"allow":["GET"]}}],"collection":[{"href":"https:\/\/moirai.si\/de\/wp-json\/wp\/v2\/product"}],"about":[{"href":"https:\/\/moirai.si\/de\/wp-json\/wp\/v2\/types\/product"}],"wp:featuredmedia":[{"embeddable":true,"href":"https:\/\/moirai.si\/de\/wp-json\/wp\/v2\/media\/22300"}],"wp:attachment":[{"href":"https:\/\/moirai.si\/de\/wp-json\/wp\/v2\/media?parent=22299"}],"wp:term":[{"taxonomy":"product_brand","embeddable":true,"href":"https:\/\/moirai.si\/de\/wp-json\/wp\/v2\/product_brand?post=22299"},{"taxonomy":"product_cat","embeddable":true,"href":"https:\/\/moirai.si\/de\/wp-json\/wp\/v2\/product_cat?post=22299"},{"taxonomy":"product_tag","embeddable":true,"href":"https:\/\/moirai.si\/de\/wp-json\/wp\/v2\/product_tag?post=22299"}],"curies":[{"name":"wp","href":"https:\/\/api.w.org\/{rel}","templated":true}]}}