{"id":22330,"date":"2022-10-28T09:01:09","date_gmt":"2022-10-28T09:01:09","guid":{"rendered":"https:\/\/moirai.si\/?post_type=product&#038;p=22330"},"modified":"2026-03-26T12:44:01","modified_gmt":"2026-03-26T12:44:01","slug":"angelite-s","status":"publish","type":"product","link":"https:\/\/moirai.si\/de\/izdelek\/angelit-s\/","title":{"rendered":"Angelit S"},"content":{"rendered":"<p>Ein wundersch\u00f6nes St\u00fcck polierter Angelit (Peru), geeignet als heilender Handstein oder als Geschenk f\u00fcr Ihre Liebsten. Die Abbildung ist symbolisch. Geringe Abweichungen in Farbe, Gewicht und Form sind m\u00f6glich.<\/p>\n<p>Weitere Informationen: <a href=\"https:\/\/moirai.si\/de\/angelite\/\" target=\"_blank\" rel=\"noopener noreferrer\">Angelit<\/a><\/p>\n<p>MATERIAL: Angelit<br \/>\nABMESSUNGEN: ca. 1-1,5 cm<br \/>\nGEWICHT: 5-15 g<\/p>","protected":false},"excerpt":{"rendered":"<p>\u010cudovit kos spoliranega Angelita (Peru), primeren kot zdravilni ro\u010dni kamen ali kot darilo za va\u0161e najbli\u017enje. Slika je simboli\u010dna. Mo\u017ena so manj\u0161a odstopanja v barvi, te\u017ei in obliki. Ve\u010d informacij: Angelit MATERIAL: Angelit DIMENZIJE: cca 1-1,5 cm TE\u017dA: 5-15 g<\/p>","protected":false},"featured_media":22331,"template":"","meta":[],"product_brand":[],"product_cat":[846,753],"product_tag":[826],"class_list":{"0":"post-22330","1":"product","2":"type-product","3":"status-publish","4":"has-post-thumbnail","6":"product_cat-angelit","7":"product_cat-rocni-kamni","8":"product_tag-angelit","10":"first","11":"instock","12":"shipping-taxable","13":"purchasable","14":"product-type-simple"},"_links":{"self":[{"href":"https:\/\/moirai.si\/de\/wp-json\/wp\/v2\/product\/22330","targetHints":{"allow":["GET"]}}],"collection":[{"href":"https:\/\/moirai.si\/de\/wp-json\/wp\/v2\/product"}],"about":[{"href":"https:\/\/moirai.si\/de\/wp-json\/wp\/v2\/types\/product"}],"wp:featuredmedia":[{"embeddable":true,"href":"https:\/\/moirai.si\/de\/wp-json\/wp\/v2\/media\/22331"}],"wp:attachment":[{"href":"https:\/\/moirai.si\/de\/wp-json\/wp\/v2\/media?parent=22330"}],"wp:term":[{"taxonomy":"product_brand","embeddable":true,"href":"https:\/\/moirai.si\/de\/wp-json\/wp\/v2\/product_brand?post=22330"},{"taxonomy":"product_cat","embeddable":true,"href":"https:\/\/moirai.si\/de\/wp-json\/wp\/v2\/product_cat?post=22330"},{"taxonomy":"product_tag","embeddable":true,"href":"https:\/\/moirai.si\/de\/wp-json\/wp\/v2\/product_tag?post=22330"}],"curies":[{"name":"wp","href":"https:\/\/api.w.org\/{rel}","templated":true}]}}