{"id":22368,"date":"2022-10-28T10:55:16","date_gmt":"2022-10-28T10:55:16","guid":{"rendered":"https:\/\/moirai.si\/?post_type=product&#038;p=22368"},"modified":"2025-11-11T13:35:53","modified_gmt":"2025-11-11T13:35:53","slug":"chrysocolla-xl","status":"publish","type":"product","link":"https:\/\/moirai.si\/de\/izdelek\/hrizokol-xl\/","title":{"rendered":"Chrysokoll XL"},"content":{"rendered":"<p>Ein wundersch\u00f6nes St\u00fcck polierten Chrysokolls (Peru), geeignet als heilender Handstein oder als Geschenk f\u00fcr Ihre Lieben. Die Abbildung ist symbolisch. Geringe Abweichungen in Farbe, Gewicht und Form sind m\u00f6glich.<\/p>\n<p>Weitere Informationen: <a href=\"https:\/\/moirai.si\/de\/hrizokol\/\" target=\"_blank\" rel=\"noopener noreferrer\">Chrysokoll<\/a><\/p>\n<p>MATERIAL: Chrysokoll<br \/>\nABMESSUNGEN: ca. 2-5 cm<br \/>\nGEWICHT: 27-50 g<\/p>","protected":false},"excerpt":{"rendered":"<p>\u010cudovit kos spoliranega Hrizokola (Peru), primeren kot zdravilni ro\u010dni kamen ali kot darilo za va\u0161e najbli\u017enje. Slika je simboli\u010dna. Mo\u017ena so manj\u0161a odstopanja v barvi, te\u017ei in obliki. Ve\u010d informacij: Hrizokol MATERIAL: Hrizokol DIMENZIJE: cca 2-5 cm TE\u017dA: 27-50 g<\/p>","protected":false},"featured_media":25709,"template":"","meta":[],"product_brand":[],"product_cat":[780,753],"product_tag":[777],"class_list":{"0":"post-22368","1":"product","2":"type-product","3":"status-publish","4":"has-post-thumbnail","6":"product_cat-hrizokol","7":"product_cat-rocni-kamni","8":"product_tag-hrizokol","10":"first","11":"instock","12":"shipping-taxable","13":"purchasable","14":"product-type-simple"},"_links":{"self":[{"href":"https:\/\/moirai.si\/de\/wp-json\/wp\/v2\/product\/22368","targetHints":{"allow":["GET"]}}],"collection":[{"href":"https:\/\/moirai.si\/de\/wp-json\/wp\/v2\/product"}],"about":[{"href":"https:\/\/moirai.si\/de\/wp-json\/wp\/v2\/types\/product"}],"wp:featuredmedia":[{"embeddable":true,"href":"https:\/\/moirai.si\/de\/wp-json\/wp\/v2\/media\/25709"}],"wp:attachment":[{"href":"https:\/\/moirai.si\/de\/wp-json\/wp\/v2\/media?parent=22368"}],"wp:term":[{"taxonomy":"product_brand","embeddable":true,"href":"https:\/\/moirai.si\/de\/wp-json\/wp\/v2\/product_brand?post=22368"},{"taxonomy":"product_cat","embeddable":true,"href":"https:\/\/moirai.si\/de\/wp-json\/wp\/v2\/product_cat?post=22368"},{"taxonomy":"product_tag","embeddable":true,"href":"https:\/\/moirai.si\/de\/wp-json\/wp\/v2\/product_tag?post=22368"}],"curies":[{"name":"wp","href":"https:\/\/api.w.org\/{rel}","templated":true}]}}