{"id":22385,"date":"2022-10-28T13:09:46","date_gmt":"2022-10-28T13:09:46","guid":{"rendered":"https:\/\/moirai.si\/?post_type=product&#038;p=22385"},"modified":"2024-02-27T13:35:37","modified_gmt":"2024-02-27T13:35:37","slug":"chalcedon-m","status":"publish","type":"product","link":"https:\/\/moirai.si\/de\/izdelek\/kalcedon-m\/","title":{"rendered":"Calcedon M"},"content":{"rendered":"<p>Ein wundersch\u00f6nes St\u00fcck polierter Chalcedon, geeignet als heilender Handstein oder als Geschenk f\u00fcr Ihre Liebsten. Die Abbildung ist symbolisch. Geringf\u00fcgige Abweichungen in Farbe, Gewicht und Form k\u00f6nnen auftreten.<\/p>\n<p>Weitere Informationen: <a href=\"https:\/\/moirai.si\/de\/chalcedon\/\" target=\"_blank\" rel=\"noopener noreferrer\">Chalzedon<\/a><\/p>\n<p>MATERIAL: Chalcedon<br \/>\nABMESSUNGEN: ca. 1,5-2,5 cm<br \/>\nGEWICHT: 10-15 g<\/p>","protected":false},"excerpt":{"rendered":"<p>\u010cudovit kos spoliranega Kalcedona, primeren kot zdravilni ro\u010dni kamen ali kot darilo za va\u0161e najbli\u017enje. Slika je simboli\u010dna. Mo\u017ena so manj\u0161a odstopanja v barvi, te\u017ei in obliki. Ve\u010d informacij: Kalcedon MATERIAL: Kalcedon DIMENZIJE: cca 1,5-2,5 cm TE\u017dA: 10-15 g<\/p>","protected":false},"featured_media":22386,"template":"","meta":[],"product_brand":[],"product_cat":[439,753],"product_tag":[396],"class_list":{"0":"post-22385","1":"product","2":"type-product","3":"status-publish","4":"has-post-thumbnail","6":"product_cat-kalcedon","7":"product_cat-rocni-kamni","8":"product_tag-kalcedon","10":"first","11":"outofstock","12":"shipping-taxable","13":"purchasable","14":"product-type-simple"},"_links":{"self":[{"href":"https:\/\/moirai.si\/de\/wp-json\/wp\/v2\/product\/22385","targetHints":{"allow":["GET"]}}],"collection":[{"href":"https:\/\/moirai.si\/de\/wp-json\/wp\/v2\/product"}],"about":[{"href":"https:\/\/moirai.si\/de\/wp-json\/wp\/v2\/types\/product"}],"wp:featuredmedia":[{"embeddable":true,"href":"https:\/\/moirai.si\/de\/wp-json\/wp\/v2\/media\/22386"}],"wp:attachment":[{"href":"https:\/\/moirai.si\/de\/wp-json\/wp\/v2\/media?parent=22385"}],"wp:term":[{"taxonomy":"product_brand","embeddable":true,"href":"https:\/\/moirai.si\/de\/wp-json\/wp\/v2\/product_brand?post=22385"},{"taxonomy":"product_cat","embeddable":true,"href":"https:\/\/moirai.si\/de\/wp-json\/wp\/v2\/product_cat?post=22385"},{"taxonomy":"product_tag","embeddable":true,"href":"https:\/\/moirai.si\/de\/wp-json\/wp\/v2\/product_tag?post=22385"}],"curies":[{"name":"wp","href":"https:\/\/api.w.org\/{rel}","templated":true}]}}