{"id":22390,"date":"2022-10-28T13:27:56","date_gmt":"2022-10-28T13:27:56","guid":{"rendered":"https:\/\/moirai.si\/?post_type=product&#038;p=22390"},"modified":"2025-11-11T13:38:19","modified_gmt":"2025-11-11T13:38:19","slug":"kamena-strela-l-3","status":"publish","type":"product","link":"https:\/\/moirai.si\/de\/izdelek\/kamena-strela-l-3\/","title":{"rendered":"Bergkristall L"},"content":{"rendered":"<p>\u010cudovit kos spolirane Kamene Strele, primeren kot zdravilni ro\u010dni kamen ali kot darilo. Slika je simboli\u010dna. Mo\u017ena so manj\u0161a odstopanja v barvi, te\u017ei in obliki.<\/p>\n<p>Weitere Informationen: <a href=\"https:\/\/moirai.si\/de\/bergkristall\/\" target=\"_blank\" rel=\"noopener noreferrer\">Bergkristall<\/a><\/p>\n<p>MATERIAL: Kamena Strela\/Gorski Kristal (Brazilija)<br \/>\nABMESSUNGEN: ca. 1,5-2,5 cm<br \/>\nGEWICHT: 15-20 g<\/p>","protected":false},"excerpt":{"rendered":"<p>\u010cudovit kos spolirane Kamene Strele, primeren kot zdravilni ro\u010dni kamen ali kot darilo. Slika je simboli\u010dna. Mo\u017ena so manj\u0161a odstopanja v barvi, te\u017ei in obliki. Ve\u010d informacij: Kamena Strela MATERIAL: Kamena Strela\/Gorski Kristal (Brazilija) DIMENZIJE: cca 1,5-2,5 cm TE\u017dA: 15-20 g<\/p>","protected":false},"featured_media":22391,"template":"","meta":[],"product_brand":[],"product_cat":[68,753],"product_tag":[1067],"class_list":{"0":"post-22390","1":"product","2":"type-product","3":"status-publish","4":"has-post-thumbnail","6":"product_cat-kamena-strela","7":"product_cat-rocni-kamni","8":"product_tag-kamena-strela-gorski-kristal-brazilija","10":"first","11":"instock","12":"shipping-taxable","13":"purchasable","14":"product-type-simple"},"_links":{"self":[{"href":"https:\/\/moirai.si\/de\/wp-json\/wp\/v2\/product\/22390","targetHints":{"allow":["GET"]}}],"collection":[{"href":"https:\/\/moirai.si\/de\/wp-json\/wp\/v2\/product"}],"about":[{"href":"https:\/\/moirai.si\/de\/wp-json\/wp\/v2\/types\/product"}],"wp:featuredmedia":[{"embeddable":true,"href":"https:\/\/moirai.si\/de\/wp-json\/wp\/v2\/media\/22391"}],"wp:attachment":[{"href":"https:\/\/moirai.si\/de\/wp-json\/wp\/v2\/media?parent=22390"}],"wp:term":[{"taxonomy":"product_brand","embeddable":true,"href":"https:\/\/moirai.si\/de\/wp-json\/wp\/v2\/product_brand?post=22390"},{"taxonomy":"product_cat","embeddable":true,"href":"https:\/\/moirai.si\/de\/wp-json\/wp\/v2\/product_cat?post=22390"},{"taxonomy":"product_tag","embeddable":true,"href":"https:\/\/moirai.si\/de\/wp-json\/wp\/v2\/product_tag?post=22390"}],"curies":[{"name":"wp","href":"https:\/\/api.w.org\/{rel}","templated":true}]}}