{"id":22405,"date":"2022-10-28T14:27:32","date_gmt":"2022-10-28T14:27:32","guid":{"rendered":"https:\/\/moirai.si\/?post_type=product&#038;p=22405"},"modified":"2025-11-11T13:38:08","modified_gmt":"2025-11-11T13:38:08","slug":"labradorit-l","status":"publish","type":"product","link":"https:\/\/moirai.si\/de\/izdelek\/labradorit-l\/","title":{"rendered":"Labradorit L"},"content":{"rendered":"<p>Ein sch\u00f6nes St\u00fcck polierter Labradorit, geeignet als heilender Handstein oder als Geschenk. Die Abbildung ist symbolisch. Geringe Abweichungen in Farbe, Gewicht und Form k\u00f6nnen auftreten.<\/p>\n<p>Weitere Informationen: <a href=\"https:\/\/moirai.si\/de\/labradorit\/\" target=\"_blank\" rel=\"noopener noreferrer\">Labradorit<\/a><\/p>\n<p>MATERIAL: Labradorit (Madagaskar)<br \/>\nABMESSUNGEN: ca. 3 cm<br \/>\nTE\u017dA: 8-15 g<\/p>","protected":false},"excerpt":{"rendered":"<p>\u010cudovit kos spoliranega Labradorita, primeren kot zdravilni ro\u010dni kamen ali kot darilo. Slika je simboli\u010dna. Mo\u017ena so manj\u0161a odstopanja v barvi, te\u017ei in obliki. Ve\u010d informacij: Labradorit MATERIAL: Labradorit (Madagaskar) DIMENZIJE: cca 3 cm TE\u017dA: 8-15 g<\/p>","protected":false},"featured_media":22406,"template":"","meta":[],"product_brand":[],"product_cat":[54,753],"product_tag":[1069],"class_list":{"0":"post-22405","1":"product","2":"type-product","3":"status-publish","4":"has-post-thumbnail","6":"product_cat-labradorit","7":"product_cat-rocni-kamni","8":"product_tag-labradorit-madagaskar","10":"first","11":"instock","12":"shipping-taxable","13":"purchasable","14":"product-type-simple"},"_links":{"self":[{"href":"https:\/\/moirai.si\/de\/wp-json\/wp\/v2\/product\/22405","targetHints":{"allow":["GET"]}}],"collection":[{"href":"https:\/\/moirai.si\/de\/wp-json\/wp\/v2\/product"}],"about":[{"href":"https:\/\/moirai.si\/de\/wp-json\/wp\/v2\/types\/product"}],"wp:featuredmedia":[{"embeddable":true,"href":"https:\/\/moirai.si\/de\/wp-json\/wp\/v2\/media\/22406"}],"wp:attachment":[{"href":"https:\/\/moirai.si\/de\/wp-json\/wp\/v2\/media?parent=22405"}],"wp:term":[{"taxonomy":"product_brand","embeddable":true,"href":"https:\/\/moirai.si\/de\/wp-json\/wp\/v2\/product_brand?post=22405"},{"taxonomy":"product_cat","embeddable":true,"href":"https:\/\/moirai.si\/de\/wp-json\/wp\/v2\/product_cat?post=22405"},{"taxonomy":"product_tag","embeddable":true,"href":"https:\/\/moirai.si\/de\/wp-json\/wp\/v2\/product_tag?post=22405"}],"curies":[{"name":"wp","href":"https:\/\/api.w.org\/{rel}","templated":true}]}}