{"id":22434,"date":"2022-10-28T15:48:24","date_gmt":"2022-10-28T15:48:24","guid":{"rendered":"https:\/\/moirai.si\/?post_type=product&#038;p=22434"},"modified":"2026-03-26T12:44:47","modified_gmt":"2026-03-26T12:44:47","slug":"mesecev-kamen-mavricni-s","status":"publish","type":"product","link":"https:\/\/moirai.si\/de\/izdelek\/mesecev-kamen-mavricni-s\/","title":{"rendered":"Mondstein Regenbogen S"},"content":{"rendered":"<p>\u010cudovit kos spoliranega Mavri\u010dnega Mese\u010devega Kamna (Madagaskar), primeren kot zdravilni ro\u010dni kamen ali kot darilo za va\u0161e najbli\u017enje. Slika je simboli\u010dna. Mo\u017ena so manj\u0161a odstopanja v barvi, te\u017ei in obliki.<\/p>\n<p>Weitere Informationen: <a href=\"https:\/\/moirai.si\/de\/monate-stein\/\" target=\"_blank\" rel=\"noopener noreferrer\">Mondstein<\/a><\/p>\n<p>MATERIAL: Mavri\u010dni Mese\u010dev Kamen (beli Labradorit)<br \/>\nABMESSUNGEN: ca. 1-1,5 cm<br \/>\nGEWICHT: 5-10 g<\/p>","protected":false},"excerpt":{"rendered":"<p>\u010cudovit kos spoliranega Mavri\u010dnega Mese\u010devega Kamna (Madagaskar), primeren kot zdravilni ro\u010dni kamen ali kot darilo za va\u0161e najbli\u017enje. Slika je simboli\u010dna. Mo\u017ena so manj\u0161a odstopanja v barvi, te\u017ei in obliki. Ve\u010d informacij: Mese\u010dev Kamen MATERIAL: Mavri\u010dni Mese\u010dev Kamen (beli Labradorit) DIMENZIJE: cca 1-1,5 cm TE\u017dA: 5-10 g<\/p>","protected":false},"featured_media":22435,"template":"","meta":[],"product_brand":[],"product_cat":[54,59,753],"product_tag":[1018],"class_list":{"0":"post-22434","1":"product","2":"type-product","3":"status-publish","4":"has-post-thumbnail","6":"product_cat-labradorit","7":"product_cat-mesecev-kamen","8":"product_cat-rocni-kamni","9":"product_tag-mavricni-mesecev-kamen-beli-labradorit","11":"first","12":"instock","13":"shipping-taxable","14":"purchasable","15":"product-type-simple"},"_links":{"self":[{"href":"https:\/\/moirai.si\/de\/wp-json\/wp\/v2\/product\/22434","targetHints":{"allow":["GET"]}}],"collection":[{"href":"https:\/\/moirai.si\/de\/wp-json\/wp\/v2\/product"}],"about":[{"href":"https:\/\/moirai.si\/de\/wp-json\/wp\/v2\/types\/product"}],"wp:featuredmedia":[{"embeddable":true,"href":"https:\/\/moirai.si\/de\/wp-json\/wp\/v2\/media\/22435"}],"wp:attachment":[{"href":"https:\/\/moirai.si\/de\/wp-json\/wp\/v2\/media?parent=22434"}],"wp:term":[{"taxonomy":"product_brand","embeddable":true,"href":"https:\/\/moirai.si\/de\/wp-json\/wp\/v2\/product_brand?post=22434"},{"taxonomy":"product_cat","embeddable":true,"href":"https:\/\/moirai.si\/de\/wp-json\/wp\/v2\/product_cat?post=22434"},{"taxonomy":"product_tag","embeddable":true,"href":"https:\/\/moirai.si\/de\/wp-json\/wp\/v2\/product_tag?post=22434"}],"curies":[{"name":"wp","href":"https:\/\/api.w.org\/{rel}","templated":true}]}}