{"id":22446,"date":"2022-10-28T16:27:38","date_gmt":"2022-10-28T16:27:38","guid":{"rendered":"https:\/\/moirai.si\/?post_type=product&#038;p=22446"},"modified":"2026-03-26T12:50:29","modified_gmt":"2026-03-26T12:50:29","slug":"rot-m","status":"publish","type":"product","link":"https:\/\/moirai.si\/de\/izdelek\/prehnit-m\/","title":{"rendered":"Prehnit M"},"content":{"rendered":"<p>Ein sch\u00f6nes St\u00fcck polierter Prehnit (S\u00fcdafrika), geeignet als heilender Handstein oder als Geschenk. Das Bild ist symbolisch. Geringe Abweichungen in Farbe, Gewicht und Form sind m\u00f6glich.<\/p>\n<p>Weitere Informationen: <a href=\"https:\/\/moirai.si\/de\/rot\/\" target=\"_blank\" rel=\"noopener noreferrer\">Prehnit<\/a><\/p>\n<p>MATERIAL: Prehnit<br \/>\nABMESSUNGEN: ca. 1,5-2,5 cm<br \/>\nGEWICHT: 10-15 g<\/p>","protected":false},"excerpt":{"rendered":"<p>\u010cudovit kos spoliranega Prehnita (Ju\u017ena Afrika), primeren kot zdravilni ro\u010dni kamen ali kot darilo. Slika je simboli\u010dna. Mo\u017ena so manj\u0161a odstopanja v barvi, te\u017ei in obliki. Ve\u010d informacij: Prehnit MATERIAL: Prehnit DIMENZIJE: cca 1,5-2,5 cm TE\u017dA: 10-15 g<\/p>","protected":false},"featured_media":22447,"template":"","meta":[],"product_brand":[],"product_cat":[701,753],"product_tag":[699],"class_list":{"0":"post-22446","1":"product","2":"type-product","3":"status-publish","4":"has-post-thumbnail","6":"product_cat-prehnit","7":"product_cat-rocni-kamni","8":"product_tag-prehnit","10":"first","11":"instock","12":"shipping-taxable","13":"purchasable","14":"product-type-simple"},"_links":{"self":[{"href":"https:\/\/moirai.si\/de\/wp-json\/wp\/v2\/product\/22446","targetHints":{"allow":["GET"]}}],"collection":[{"href":"https:\/\/moirai.si\/de\/wp-json\/wp\/v2\/product"}],"about":[{"href":"https:\/\/moirai.si\/de\/wp-json\/wp\/v2\/types\/product"}],"wp:featuredmedia":[{"embeddable":true,"href":"https:\/\/moirai.si\/de\/wp-json\/wp\/v2\/media\/22447"}],"wp:attachment":[{"href":"https:\/\/moirai.si\/de\/wp-json\/wp\/v2\/media?parent=22446"}],"wp:term":[{"taxonomy":"product_brand","embeddable":true,"href":"https:\/\/moirai.si\/de\/wp-json\/wp\/v2\/product_brand?post=22446"},{"taxonomy":"product_cat","embeddable":true,"href":"https:\/\/moirai.si\/de\/wp-json\/wp\/v2\/product_cat?post=22446"},{"taxonomy":"product_tag","embeddable":true,"href":"https:\/\/moirai.si\/de\/wp-json\/wp\/v2\/product_tag?post=22446"}],"curies":[{"name":"wp","href":"https:\/\/api.w.org\/{rel}","templated":true}]}}