{"id":22473,"date":"2022-10-28T18:28:07","date_gmt":"2022-10-28T18:28:07","guid":{"rendered":"https:\/\/moirai.si\/?post_type=product&#038;p=22473"},"modified":"2025-11-11T13:37:58","modified_gmt":"2025-11-11T13:37:58","slug":"wagen-xl","status":"publish","type":"product","link":"https:\/\/moirai.si\/de\/izdelek\/rozevec-xl\/","title":{"rendered":"Rosenquarz XL"},"content":{"rendered":"<p>Ein sch\u00f6nes St\u00fcck polierter Rosenquarz, geeignet als heilender Handstein oder als Geschenk. Das Bild ist symbolisch. Geringe Abweichungen in Farbe, Gewicht und Form sind m\u00f6glich.<\/p>\n<p>Weitere Informationen: <a href=\"https:\/\/moirai.si\/de\/der-landstreicher\/\" target=\"_blank\" rel=\"noopener noreferrer\">Rosenquarz<\/a><\/p>\n<p>MATERIAL: Johannisbrot (Brasilien)<br \/>\nABMESSUNGEN: ca. 2-4,5 cm<br \/>\nGEWICHT: 15-20 g<\/p>","protected":false},"excerpt":{"rendered":"<p>\u010cudovit kos spoliranega Ro\u017eevca, primeren kot zdravilni ro\u010dni kamen ali kot darilo. Slika je simboli\u010dna. Mo\u017ena so manj\u0161a odstopanja v barvi, te\u017ei in obliki. Ve\u010d informacij: Ro\u017eevec MATERIAL: Ro\u017eevec (Brazilija) DIMENZIJE: cca 2-4,5 cm TE\u017dA: 15-20 g<\/p>","protected":false},"featured_media":22474,"template":"","meta":[],"product_brand":[],"product_cat":[753,69],"product_tag":[1074],"class_list":{"0":"post-22473","1":"product","2":"type-product","3":"status-publish","4":"has-post-thumbnail","6":"product_cat-rocni-kamni","7":"product_cat-rozevec","8":"product_tag-rozevec-brazilija","10":"first","11":"instock","12":"shipping-taxable","13":"purchasable","14":"product-type-simple"},"_links":{"self":[{"href":"https:\/\/moirai.si\/de\/wp-json\/wp\/v2\/product\/22473","targetHints":{"allow":["GET"]}}],"collection":[{"href":"https:\/\/moirai.si\/de\/wp-json\/wp\/v2\/product"}],"about":[{"href":"https:\/\/moirai.si\/de\/wp-json\/wp\/v2\/types\/product"}],"wp:featuredmedia":[{"embeddable":true,"href":"https:\/\/moirai.si\/de\/wp-json\/wp\/v2\/media\/22474"}],"wp:attachment":[{"href":"https:\/\/moirai.si\/de\/wp-json\/wp\/v2\/media?parent=22473"}],"wp:term":[{"taxonomy":"product_brand","embeddable":true,"href":"https:\/\/moirai.si\/de\/wp-json\/wp\/v2\/product_brand?post=22473"},{"taxonomy":"product_cat","embeddable":true,"href":"https:\/\/moirai.si\/de\/wp-json\/wp\/v2\/product_cat?post=22473"},{"taxonomy":"product_tag","embeddable":true,"href":"https:\/\/moirai.si\/de\/wp-json\/wp\/v2\/product_tag?post=22473"}],"curies":[{"name":"wp","href":"https:\/\/api.w.org\/{rel}","templated":true}]}}