{"id":22483,"date":"2022-10-28T18:49:57","date_gmt":"2022-10-28T18:49:57","guid":{"rendered":"https:\/\/moirai.si\/?post_type=product&#038;p=22483"},"modified":"2026-03-26T12:50:39","modified_gmt":"2026-03-26T12:50:39","slug":"serpentine-3","status":"publish","type":"product","link":"https:\/\/moirai.si\/de\/izdelek\/serpentin-s\/","title":{"rendered":"Serpentine S"},"content":{"rendered":"<p>Ein sch\u00f6nes St\u00fcck polierter Serpentin (Kanada), geeignet als heilender Handstein oder als Geschenk. Die Abbildung ist symbolisch. Geringe Abweichungen in Farbe, Gewicht und Form sind m\u00f6glich.<\/p>\n<p>Weitere Informationen: <a href=\"https:\/\/moirai.si\/de\/serpentine-2\/\" target=\"_blank\" rel=\"noopener noreferrer\">Serpentine<\/a><\/p>\n<p>MATERIAL: Serpentine<br \/>\nABMESSUNGEN: ca. 1-1,5 cm<br \/>\nGEWICHT: 5-10 g<\/p>","protected":false},"excerpt":{"rendered":"<p>\u010cudovit kos spoliranega Serpentina (Kanada), primeren kot zdravilni ro\u010dni kamen ali kot darilo. Slika je simboli\u010dna. Mo\u017ena so manj\u0161a odstopanja v barvi, te\u017ei in obliki. Ve\u010d informacij: Serpentin MATERIAL: Serpentin DIMENZIJE: cca 1-1,5cm TE\u017dA: 5-10 g<\/p>","protected":false},"featured_media":22484,"template":"","meta":[],"product_brand":[],"product_cat":[753,745],"product_tag":[359],"class_list":{"0":"post-22483","1":"product","2":"type-product","3":"status-publish","4":"has-post-thumbnail","6":"product_cat-rocni-kamni","7":"product_cat-serpentin","8":"product_tag-serpentin","10":"first","11":"instock","12":"shipping-taxable","13":"purchasable","14":"product-type-simple"},"_links":{"self":[{"href":"https:\/\/moirai.si\/de\/wp-json\/wp\/v2\/product\/22483","targetHints":{"allow":["GET"]}}],"collection":[{"href":"https:\/\/moirai.si\/de\/wp-json\/wp\/v2\/product"}],"about":[{"href":"https:\/\/moirai.si\/de\/wp-json\/wp\/v2\/types\/product"}],"wp:featuredmedia":[{"embeddable":true,"href":"https:\/\/moirai.si\/de\/wp-json\/wp\/v2\/media\/22484"}],"wp:attachment":[{"href":"https:\/\/moirai.si\/de\/wp-json\/wp\/v2\/media?parent=22483"}],"wp:term":[{"taxonomy":"product_brand","embeddable":true,"href":"https:\/\/moirai.si\/de\/wp-json\/wp\/v2\/product_brand?post=22483"},{"taxonomy":"product_cat","embeddable":true,"href":"https:\/\/moirai.si\/de\/wp-json\/wp\/v2\/product_cat?post=22483"},{"taxonomy":"product_tag","embeddable":true,"href":"https:\/\/moirai.si\/de\/wp-json\/wp\/v2\/product_tag?post=22483"}],"curies":[{"name":"wp","href":"https:\/\/api.w.org\/{rel}","templated":true}]}}