{"id":22519,"date":"2022-10-29T14:21:53","date_gmt":"2022-10-29T14:21:53","guid":{"rendered":"https:\/\/moirai.si\/?post_type=product&#038;p=22519"},"modified":"2026-03-26T09:37:05","modified_gmt":"2026-03-26T09:37:05","slug":"turmalinquarz-l","status":"publish","type":"product","link":"https:\/\/moirai.si\/de\/izdelek\/turmalin-kvarc-l\/","title":{"rendered":"Turmalin Quarz L"},"content":{"rendered":"<p>Ein sch\u00f6nes St\u00fcck polierter Turmalinquarz, geeignet als heilender Handstein oder als Geschenk f\u00fcr Ihre Lieben. Die Abbildung ist symbolisch. Geringe Abweichungen in Farbe, Gewicht und Form k\u00f6nnen auftreten.<\/p>\n<p>Weitere Informationen: <a href=\"https:\/\/moirai.si\/de\/turmalin\/\" target=\"_blank\" rel=\"noopener noreferrer\">Turmalin<\/a><\/p>\n<p>MATERIAL: Turmalinquarz<br \/>\nABMESSUNGEN: ca. 1,5-3 cm<br \/>\nGEWICHT: 15-20 g<\/p>","protected":false},"excerpt":{"rendered":"<p>\u010cudovit kos spoliranega Turmalin Kvarca, primeren kot zdravilni ro\u010dni kamen ali kot darilo za va\u0161e najbli\u017enje. Slika je simboli\u010dna. Mo\u017ena so manj\u0161a odstopanja v barvi, te\u017ei in obliki. Ve\u010d informacij: Turmalin MATERIAL: Turmalin Kvarc DIMENZIJE: cca 1,5-3 cm TE\u017dA: 15-20 g<\/p>","protected":false},"featured_media":22520,"template":"","meta":[],"product_brand":[],"product_cat":[68,848,753,85],"product_tag":[1015],"class_list":{"0":"post-22519","1":"product","2":"type-product","3":"status-publish","4":"has-post-thumbnail","6":"product_cat-kamena-strela","7":"product_cat-kvarc","8":"product_cat-rocni-kamni","9":"product_cat-turmalin","10":"product_tag-turmalin-kvarc","12":"first","13":"instock","14":"shipping-taxable","15":"purchasable","16":"product-type-simple"},"_links":{"self":[{"href":"https:\/\/moirai.si\/de\/wp-json\/wp\/v2\/product\/22519","targetHints":{"allow":["GET"]}}],"collection":[{"href":"https:\/\/moirai.si\/de\/wp-json\/wp\/v2\/product"}],"about":[{"href":"https:\/\/moirai.si\/de\/wp-json\/wp\/v2\/types\/product"}],"wp:featuredmedia":[{"embeddable":true,"href":"https:\/\/moirai.si\/de\/wp-json\/wp\/v2\/media\/22520"}],"wp:attachment":[{"href":"https:\/\/moirai.si\/de\/wp-json\/wp\/v2\/media?parent=22519"}],"wp:term":[{"taxonomy":"product_brand","embeddable":true,"href":"https:\/\/moirai.si\/de\/wp-json\/wp\/v2\/product_brand?post=22519"},{"taxonomy":"product_cat","embeddable":true,"href":"https:\/\/moirai.si\/de\/wp-json\/wp\/v2\/product_cat?post=22519"},{"taxonomy":"product_tag","embeddable":true,"href":"https:\/\/moirai.si\/de\/wp-json\/wp\/v2\/product_tag?post=22519"}],"curies":[{"name":"wp","href":"https:\/\/api.w.org\/{rel}","templated":true}]}}