{"id":22586,"date":"2022-11-08T13:42:29","date_gmt":"2022-11-08T13:42:29","guid":{"rendered":"https:\/\/moirai.si\/?post_type=product&#038;p=22586"},"modified":"2025-01-08T17:23:06","modified_gmt":"2025-01-08T17:23:06","slug":"kamena-strela-fantom-xl","status":"publish","type":"product","link":"https:\/\/moirai.si\/de\/izdelek\/kamena-strela-fantom-xl\/","title":{"rendered":"Bergkristall Phantom XL"},"content":{"rendered":"<p>\u010cudovit kos spolirane \u0161pice iz Kamene Strele, ki ima fantom. Slika je simboli\u010dna. Mo\u017ena so manj\u0161a odstopanja v barvi, te\u017ei in obliki.<\/p>\n<p>MATERIAL: Kamena Strela Fantom<br \/>\nDIMENZIJE: cca 1,5-3,5 cm<br \/>\nTE\u017dA:\t 10-15 g<\/p>","protected":false},"excerpt":{"rendered":"<p>\u010cudovit kos spolirane \u0161pice iz Kamene Strele, ki ima fantom. Slika je simboli\u010dna. Mo\u017ena so manj\u0161a odstopanja v barvi, te\u017ei in obliki. MATERIAL: Kamena Strela Fantom DIMENZIJE: cca 1,5-3,5 cm TE\u017dA: 10-15 g<\/p>","protected":false},"featured_media":25751,"template":"","meta":[],"product_brand":[],"product_cat":[68,185],"product_tag":[1078],"class_list":{"0":"post-22586","1":"product","2":"type-product","3":"status-publish","4":"has-post-thumbnail","6":"product_cat-kamena-strela","7":"product_cat-kristali-in-minerali","8":"product_tag-kamena-strela-fantom","10":"first","11":"instock","12":"shipping-taxable","13":"purchasable","14":"product-type-simple"},"_links":{"self":[{"href":"https:\/\/moirai.si\/de\/wp-json\/wp\/v2\/product\/22586","targetHints":{"allow":["GET"]}}],"collection":[{"href":"https:\/\/moirai.si\/de\/wp-json\/wp\/v2\/product"}],"about":[{"href":"https:\/\/moirai.si\/de\/wp-json\/wp\/v2\/types\/product"}],"wp:featuredmedia":[{"embeddable":true,"href":"https:\/\/moirai.si\/de\/wp-json\/wp\/v2\/media\/25751"}],"wp:attachment":[{"href":"https:\/\/moirai.si\/de\/wp-json\/wp\/v2\/media?parent=22586"}],"wp:term":[{"taxonomy":"product_brand","embeddable":true,"href":"https:\/\/moirai.si\/de\/wp-json\/wp\/v2\/product_brand?post=22586"},{"taxonomy":"product_cat","embeddable":true,"href":"https:\/\/moirai.si\/de\/wp-json\/wp\/v2\/product_cat?post=22586"},{"taxonomy":"product_tag","embeddable":true,"href":"https:\/\/moirai.si\/de\/wp-json\/wp\/v2\/product_tag?post=22586"}],"curies":[{"name":"wp","href":"https:\/\/api.w.org\/{rel}","templated":true}]}}