{"id":22685,"date":"2022-12-01T13:23:37","date_gmt":"2022-12-01T13:23:37","guid":{"rendered":"https:\/\/moirai.si\/?post_type=product&#038;p=22685"},"modified":"2025-02-19T18:42:57","modified_gmt":"2025-02-19T18:42:57","slug":"obesek-dendrit-opal-ahat-5","status":"publish","type":"product","link":"https:\/\/moirai.si\/de\/izdelek\/obesek-dendrit-opal-ahat-5\/","title":{"rendered":"Dendriten-Opal-Achat-Anh\u00e4nger"},"content":{"rendered":"<p>Sch\u00f6ner Anh\u00e4nger aus 925er Sterlingsilber und Dendriten-Opal-Achat. Kette nicht enthalten. Sie k\u00f6nnen eine neue Halskette hier w\u00e4hlen: <a href=\"https:\/\/moirai.si\/de\/produktkategorie-2\/anhanger-und-ketten\/ketten-und-schnure\/\" target=\"_blank\" rel=\"noopener noreferrer\">Ketten<\/a><\/p>\n<p>Weitere Informationen: <a href=\"https:\/\/moirai.si\/de\/achat\/\" target=\"_blank\" rel=\"noopener noreferrer\">Achat<\/a><\/p>\n<p>MATERIAL: Opal Achat Dendrit, Sterling Silber 925<br \/>\nGEWICHT: 7,5 g<br \/>\nVELIKOST OBESKA: 2&#215;3,4 cm<br \/>\nSTEINDICKE: 0,6cm<\/p>","protected":false},"excerpt":{"rendered":"<p>\u010cudovit obesek iz srebra 925 in Dendrit Opal Ahata. Veri\u017eica ni vklju\u010dena v ceno. Novo veri\u017eico si lahko izberete tukaj: Veri\u017eice Ve\u010d informacij: Ahat MATERIAL: Dendrit Opal Ahat, Srebro 925 TE\u017dA: 7,5 g VELIKOST OBESKA: 2&#215;3,4 cm DEBELINA KAMNA: 0,6cm<\/p>","protected":false},"featured_media":22686,"template":"","meta":[],"product_brand":[],"product_cat":[30,910,64],"product_tag":[912,371],"class_list":{"0":"post-22685","1":"product","2":"type-product","3":"status-publish","4":"has-post-thumbnail","6":"product_cat-ahat","7":"product_cat-obeski-in-srebro","8":"product_cat-opal","9":"product_tag-dendrit-opal-ahat","10":"product_tag-srebro-925","12":"first","13":"instock","14":"shipping-taxable","15":"purchasable","16":"product-type-simple"},"_links":{"self":[{"href":"https:\/\/moirai.si\/de\/wp-json\/wp\/v2\/product\/22685","targetHints":{"allow":["GET"]}}],"collection":[{"href":"https:\/\/moirai.si\/de\/wp-json\/wp\/v2\/product"}],"about":[{"href":"https:\/\/moirai.si\/de\/wp-json\/wp\/v2\/types\/product"}],"wp:featuredmedia":[{"embeddable":true,"href":"https:\/\/moirai.si\/de\/wp-json\/wp\/v2\/media\/22686"}],"wp:attachment":[{"href":"https:\/\/moirai.si\/de\/wp-json\/wp\/v2\/media?parent=22685"}],"wp:term":[{"taxonomy":"product_brand","embeddable":true,"href":"https:\/\/moirai.si\/de\/wp-json\/wp\/v2\/product_brand?post=22685"},{"taxonomy":"product_cat","embeddable":true,"href":"https:\/\/moirai.si\/de\/wp-json\/wp\/v2\/product_cat?post=22685"},{"taxonomy":"product_tag","embeddable":true,"href":"https:\/\/moirai.si\/de\/wp-json\/wp\/v2\/product_tag?post=22685"}],"curies":[{"name":"wp","href":"https:\/\/api.w.org\/{rel}","templated":true}]}}