{"id":22757,"date":"2022-12-07T10:43:58","date_gmt":"2022-12-07T10:43:58","guid":{"rendered":"https:\/\/moirai.si\/?post_type=product&#038;p=22757"},"modified":"2026-01-12T10:50:06","modified_gmt":"2026-01-12T10:50:06","slug":"le-petit-coral","status":"publish","type":"product","link":"https:\/\/moirai.si\/de\/izdelek\/le-petit-korala\/","title":{"rendered":"Le Petit Korala"},"content":{"rendered":"<p>Zarte Halskette aus der Kollektion Le Petit aus Mushroom Coral. Die Kette ist auf weichem, aber stabilem Stahldraht aufgef\u00e4delt und mit Elementen aus 925er Sterlingsilber versehen. <\/p>\n<p>MATERIAL: Korallenpilz, Sterling Silber 925<br \/>\nL\u00c4NGE: einstellbar 42,5-44,5cm<br \/>\nGEWICHT: 8,8 g<br \/>\nSTEINGR\u00d6SSE: 6-8mm<br \/>\nSchlie\u00dfe: 9 mm<\/p>","protected":false},"excerpt":{"rendered":"<p>Ne\u017ena ogrlica kolekcije Le Petit, ki je narejena iz Gobaste Korale. Ogrlica je nizana na mehko, vendar mo\u010dno jekleno \u017eico in zaklju\u010dena s srebrnimi 925 elementi. MATERIAL: Gobasta Korala, srebro 925 DOL\u017dINA: prilagodljiva 42,5-44,5cm TE\u017dA: 8.8 g VELIKOST KAMNOV: 6-8mm ZAPONKA: 9 mm<\/p>","protected":false},"featured_media":25874,"template":"","meta":[],"product_brand":[],"product_cat":[52,211,815,1136],"product_tag":[222,371],"class_list":{"0":"post-22757","1":"product","2":"type-product","3":"status-publish","4":"has-post-thumbnail","6":"product_cat-gobasta-korala","7":"product_cat-le-petit","8":"product_cat-od-42-do-45cm","9":"product_cat-ogled-vseh","10":"product_tag-gobasta-korala","11":"product_tag-srebro-925","13":"first","14":"instock","15":"shipping-taxable","16":"purchasable","17":"product-type-simple"},"_links":{"self":[{"href":"https:\/\/moirai.si\/de\/wp-json\/wp\/v2\/product\/22757","targetHints":{"allow":["GET"]}}],"collection":[{"href":"https:\/\/moirai.si\/de\/wp-json\/wp\/v2\/product"}],"about":[{"href":"https:\/\/moirai.si\/de\/wp-json\/wp\/v2\/types\/product"}],"wp:featuredmedia":[{"embeddable":true,"href":"https:\/\/moirai.si\/de\/wp-json\/wp\/v2\/media\/25874"}],"wp:attachment":[{"href":"https:\/\/moirai.si\/de\/wp-json\/wp\/v2\/media?parent=22757"}],"wp:term":[{"taxonomy":"product_brand","embeddable":true,"href":"https:\/\/moirai.si\/de\/wp-json\/wp\/v2\/product_brand?post=22757"},{"taxonomy":"product_cat","embeddable":true,"href":"https:\/\/moirai.si\/de\/wp-json\/wp\/v2\/product_cat?post=22757"},{"taxonomy":"product_tag","embeddable":true,"href":"https:\/\/moirai.si\/de\/wp-json\/wp\/v2\/product_tag?post=22757"}],"curies":[{"name":"wp","href":"https:\/\/api.w.org\/{rel}","templated":true}]}}