{"id":22787,"date":"2022-12-07T12:44:14","date_gmt":"2022-12-07T12:44:14","guid":{"rendered":"https:\/\/moirai.si\/?post_type=product&#038;p=22787"},"modified":"2025-01-12T22:35:09","modified_gmt":"2025-01-12T22:35:09","slug":"nur-ein-winziger-obsidian-aus-schnee","status":"publish","type":"product","link":"https:\/\/moirai.si\/de\/izdelek\/le-petit-obsidijan-snezni\/","title":{"rendered":"Le Petit Obsidian Snow"},"content":{"rendered":"<p>Zarte Halskette aus der Kollektion Le Petit aus Schnee-Obsidian. Die Kette ist auf einem weichen, aber starken Stahldraht aufgef\u00e4delt und mit Elementen aus 925er Sterlingsilber versehen. <\/p>\n<p>MATERIAL: Schnee-Obsidian, Sterling Silber 925<br \/>\nL\u00c4NGE: einstellbar 42-44,5cm<br \/>\nGEWICHT: 12,1 g<br \/>\nSTEINGR\u00d6SSE: 6-8mm<br \/>\nSchlie\u00dfe: 9 mm<\/p>","protected":false},"excerpt":{"rendered":"<p>Ne\u017ena ogrlica kolekcije Le Petit, ki je narejena iz Sne\u017enega Obsidijana. Ogrlica je nizana na mehko, vendar mo\u010dno jekleno \u017eico in zaklju\u010dena s srebrnimi 925 elementi. MATERIAL: Sne\u017eni Obsidijan, srebro 925 DOL\u017dINA: prilagodljiva 42-44,5cm TE\u017dA: 12.1 g VELIKOST KAMNOV: 6-8mm ZAPONKA: 9 mm<\/p>","protected":false},"featured_media":25884,"template":"","meta":[],"product_brand":[],"product_cat":[814,211,63,815,1136],"product_tag":[226,371],"class_list":{"0":"post-22787","1":"product","2":"type-product","3":"status-publish","4":"has-post-thumbnail","6":"product_cat-do-42cm","7":"product_cat-le-petit","8":"product_cat-obsidijan","9":"product_cat-od-42-do-45cm","10":"product_cat-ogled-vseh","11":"product_tag-snezni-obsidijan","12":"product_tag-srebro-925","14":"first","15":"instock","16":"shipping-taxable","17":"purchasable","18":"product-type-simple"},"_links":{"self":[{"href":"https:\/\/moirai.si\/de\/wp-json\/wp\/v2\/product\/22787","targetHints":{"allow":["GET"]}}],"collection":[{"href":"https:\/\/moirai.si\/de\/wp-json\/wp\/v2\/product"}],"about":[{"href":"https:\/\/moirai.si\/de\/wp-json\/wp\/v2\/types\/product"}],"wp:featuredmedia":[{"embeddable":true,"href":"https:\/\/moirai.si\/de\/wp-json\/wp\/v2\/media\/25884"}],"wp:attachment":[{"href":"https:\/\/moirai.si\/de\/wp-json\/wp\/v2\/media?parent=22787"}],"wp:term":[{"taxonomy":"product_brand","embeddable":true,"href":"https:\/\/moirai.si\/de\/wp-json\/wp\/v2\/product_brand?post=22787"},{"taxonomy":"product_cat","embeddable":true,"href":"https:\/\/moirai.si\/de\/wp-json\/wp\/v2\/product_cat?post=22787"},{"taxonomy":"product_tag","embeddable":true,"href":"https:\/\/moirai.si\/de\/wp-json\/wp\/v2\/product_tag?post=22787"}],"curies":[{"name":"wp","href":"https:\/\/api.w.org\/{rel}","templated":true}]}}