{"id":22813,"date":"2022-12-07T13:29:02","date_gmt":"2022-12-07T13:29:02","guid":{"rendered":"https:\/\/moirai.si\/?post_type=product&#038;p=22813"},"modified":"2025-01-12T22:38:56","modified_gmt":"2025-01-12T22:38:56","slug":"le-petit-oniks-2","status":"publish","type":"product","link":"https:\/\/moirai.si\/de\/izdelek\/le-petit-oniks-2\/","title":{"rendered":"Le Petit Onyx"},"content":{"rendered":"<p>Ne\u017ena ogrlica kolekcije Le Petit, ki je narejena iz Oniksa. Ogrlica je nizana na mehko, vendar mo\u010dno jekleno \u017eico in zaklju\u010dena s srebrnimi 925 elementi. <\/p>\n<p>MATERIAL: Oniks, srebro 925<br \/>\nDOL\u017dINA: prilagodljiva 42-44cm<br \/>\nTE\u017dA:\t 11,8 g<br \/>\nSTEINGR\u00d6SSE: 6-8mm<br \/>\nSchlie\u00dfe: 9 mm<\/p>","protected":false},"excerpt":{"rendered":"<p>Ne\u017ena ogrlica kolekcije Le Petit, ki je narejena iz Oniksa. Ogrlica je nizana na mehko, vendar mo\u010dno jekleno \u017eico in zaklju\u010dena s srebrnimi 925 elementi. MATERIAL: Oniks, srebro 925 DOL\u017dINA: prilagodljiva 42-44cm TE\u017dA: 11,8 g VELIKOST KAMNOV: 6-8mm ZAPONKA: 9 mm<\/p>","protected":false},"featured_media":25888,"template":"","meta":[],"product_brand":[],"product_cat":[814,211,815,1136,62],"product_tag":[206,371],"class_list":{"0":"post-22813","1":"product","2":"type-product","3":"status-publish","4":"has-post-thumbnail","6":"product_cat-do-42cm","7":"product_cat-le-petit","8":"product_cat-od-42-do-45cm","9":"product_cat-ogled-vseh","10":"product_cat-oniks","11":"product_tag-oniks","12":"product_tag-srebro-925","14":"first","15":"instock","16":"shipping-taxable","17":"purchasable","18":"product-type-simple"},"_links":{"self":[{"href":"https:\/\/moirai.si\/de\/wp-json\/wp\/v2\/product\/22813","targetHints":{"allow":["GET"]}}],"collection":[{"href":"https:\/\/moirai.si\/de\/wp-json\/wp\/v2\/product"}],"about":[{"href":"https:\/\/moirai.si\/de\/wp-json\/wp\/v2\/types\/product"}],"wp:featuredmedia":[{"embeddable":true,"href":"https:\/\/moirai.si\/de\/wp-json\/wp\/v2\/media\/25888"}],"wp:attachment":[{"href":"https:\/\/moirai.si\/de\/wp-json\/wp\/v2\/media?parent=22813"}],"wp:term":[{"taxonomy":"product_brand","embeddable":true,"href":"https:\/\/moirai.si\/de\/wp-json\/wp\/v2\/product_brand?post=22813"},{"taxonomy":"product_cat","embeddable":true,"href":"https:\/\/moirai.si\/de\/wp-json\/wp\/v2\/product_cat?post=22813"},{"taxonomy":"product_tag","embeddable":true,"href":"https:\/\/moirai.si\/de\/wp-json\/wp\/v2\/product_tag?post=22813"}],"curies":[{"name":"wp","href":"https:\/\/api.w.org\/{rel}","templated":true}]}}