{"id":22819,"date":"2022-12-07T13:36:50","date_gmt":"2022-12-07T13:36:50","guid":{"rendered":"https:\/\/moirai.si\/?post_type=product&#038;p=22819"},"modified":"2025-01-12T22:48:01","modified_gmt":"2025-01-12T22:48:01","slug":"le-petit-turmalin-zeleni","status":"publish","type":"product","link":"https:\/\/moirai.si\/de\/izdelek\/le-petit-turmalin-zeleni\/","title":{"rendered":"Le Petit Gr\u00fcner Turmalin"},"content":{"rendered":"<p>Ne\u017ena ogrlica kolekcije Le Petit, ki je narejena iz Turmalina. Ogrlica je nizana na mehko, vendar mo\u010dno jekleno \u017eico in zaklju\u010dena s srebrnimi 925 elementi. <\/p>\n<p>MATERIAL: zeleni Turmalin (Verdelit), srebro 925<br \/>\nL\u00c4NGE: einstellbar 40,5-44cm<br \/>\nTE\u017dA:\t 5,6 g<br \/>\nVELIKOST KAMNOV: 2-8mm<br \/>\nSchlie\u00dfe: 9 mm<\/p>","protected":false},"excerpt":{"rendered":"<p>Ne\u017ena ogrlica kolekcije Le Petit, ki je narejena iz Turmalina. Ogrlica je nizana na mehko, vendar mo\u010dno jekleno \u017eico in zaklju\u010dena s srebrnimi 925 elementi. MATERIAL: zeleni Turmalin (Verdelit), srebro 925 DOL\u017dINA: prilagodljiva 40,5-44cm TE\u017dA: 5,6 g VELIKOST KAMNOV: 2-8mm ZAPONKA: 9 mm<\/p>","protected":false},"featured_media":25896,"template":"","meta":[],"product_brand":[],"product_cat":[814,211,815,1136,85],"product_tag":[371,997],"class_list":{"0":"post-22819","1":"product","2":"type-product","3":"status-publish","4":"has-post-thumbnail","6":"product_cat-do-42cm","7":"product_cat-le-petit","8":"product_cat-od-42-do-45cm","9":"product_cat-ogled-vseh","10":"product_cat-turmalin","11":"product_tag-srebro-925","12":"product_tag-zeleni-turmalin-verdelit","14":"first","15":"instock","16":"shipping-taxable","17":"purchasable","18":"product-type-simple"},"_links":{"self":[{"href":"https:\/\/moirai.si\/de\/wp-json\/wp\/v2\/product\/22819","targetHints":{"allow":["GET"]}}],"collection":[{"href":"https:\/\/moirai.si\/de\/wp-json\/wp\/v2\/product"}],"about":[{"href":"https:\/\/moirai.si\/de\/wp-json\/wp\/v2\/types\/product"}],"wp:featuredmedia":[{"embeddable":true,"href":"https:\/\/moirai.si\/de\/wp-json\/wp\/v2\/media\/25896"}],"wp:attachment":[{"href":"https:\/\/moirai.si\/de\/wp-json\/wp\/v2\/media?parent=22819"}],"wp:term":[{"taxonomy":"product_brand","embeddable":true,"href":"https:\/\/moirai.si\/de\/wp-json\/wp\/v2\/product_brand?post=22819"},{"taxonomy":"product_cat","embeddable":true,"href":"https:\/\/moirai.si\/de\/wp-json\/wp\/v2\/product_cat?post=22819"},{"taxonomy":"product_tag","embeddable":true,"href":"https:\/\/moirai.si\/de\/wp-json\/wp\/v2\/product_tag?post=22819"}],"curies":[{"name":"wp","href":"https:\/\/api.w.org\/{rel}","templated":true}]}}