{"id":22953,"date":"2022-12-15T14:34:30","date_gmt":"2022-12-15T14:34:30","guid":{"rendered":"https:\/\/moirai.si\/?post_type=product&#038;p=22953"},"modified":"2023-03-04T22:45:52","modified_gmt":"2023-03-04T22:45:52","slug":"versy-leopardova-koza","status":"publish","type":"product","link":"https:\/\/moirai.si\/de\/izdelek\/versy-leopardova-koza\/","title":{"rendered":"Versy Leopard Skin"},"content":{"rendered":"<p>Unikaten obesek kolekcije Versy iz Leopardove Ko\u017ee na \u010drnem usnjenem traku s prilagodljivo dol\u017eino (poteg vozla gor oz. dol). Ogrlica je unisex in je primerna za otroke in odrasle. <\/p>\n<p>Weitere Informationen: <a href=\"https:\/\/moirai.si\/de\/jaspis\/\" target=\"_blank\" rel=\"noopener noreferrer\">Jaspis <\/a><\/p>\n<p>MATERIAL: Leopardova Ko\u017ea (Jaspis), \u010drno usnje<br \/>\nL\u00c4NGE: flexibel (38-77 cm)<br \/>\nGEWICHT: 12,5 g<br \/>\nVELIKOST KAMNA: 2.3-3 cm<br \/>\nSTEINDICKE: 0,7 cm <\/p>","protected":false},"excerpt":{"rendered":"<p>Unikaten obesek kolekcije Versy iz Leopardove Ko\u017ee na \u010drnem usnjenem traku s prilagodljivo dol\u017eino (poteg vozla gor oz. dol). Ogrlica je unisex in je primerna za otroke in odrasle. Ve\u010d informacij: Jaspis MATERIAL: Leopardova Ko\u017ea (Jaspis), \u010drno usnje DOL\u017dINA: prilagodljiva (38-77 cm) TE\u017dA: 12.5 g VELIKOST KAMNA: 2.3-3 cm DEBELINA KAMNA: 0.7 cm<\/p>","protected":false},"featured_media":22954,"template":"","meta":[],"product_brand":[],"product_cat":[47,92,309],"product_tag":[648,797],"class_list":{"0":"post-22953","1":"product","2":"type-product","3":"status-publish","4":"has-post-thumbnail","6":"product_cat-jaspis","7":"product_cat-obeski-in-usnje","8":"product_cat-versy","9":"product_tag-crno-usnje","10":"product_tag-leopardova-koza-jaspis","12":"first","13":"instock","14":"shipping-taxable","15":"purchasable","16":"product-type-simple"},"_links":{"self":[{"href":"https:\/\/moirai.si\/de\/wp-json\/wp\/v2\/product\/22953","targetHints":{"allow":["GET"]}}],"collection":[{"href":"https:\/\/moirai.si\/de\/wp-json\/wp\/v2\/product"}],"about":[{"href":"https:\/\/moirai.si\/de\/wp-json\/wp\/v2\/types\/product"}],"wp:featuredmedia":[{"embeddable":true,"href":"https:\/\/moirai.si\/de\/wp-json\/wp\/v2\/media\/22954"}],"wp:attachment":[{"href":"https:\/\/moirai.si\/de\/wp-json\/wp\/v2\/media?parent=22953"}],"wp:term":[{"taxonomy":"product_brand","embeddable":true,"href":"https:\/\/moirai.si\/de\/wp-json\/wp\/v2\/product_brand?post=22953"},{"taxonomy":"product_cat","embeddable":true,"href":"https:\/\/moirai.si\/de\/wp-json\/wp\/v2\/product_cat?post=22953"},{"taxonomy":"product_tag","embeddable":true,"href":"https:\/\/moirai.si\/de\/wp-json\/wp\/v2\/product_tag?post=22953"}],"curies":[{"name":"wp","href":"https:\/\/api.w.org\/{rel}","templated":true}]}}