{"id":22989,"date":"2022-12-20T14:16:47","date_gmt":"2022-12-20T14:16:47","guid":{"rendered":"https:\/\/moirai.si\/?post_type=product&#038;p=22989"},"modified":"2023-03-04T22:21:57","modified_gmt":"2023-03-04T22:21:57","slug":"versierter-labradorit-11","status":"publish","type":"product","link":"https:\/\/moirai.si\/de\/izdelek\/versy-labradorit-11\/","title":{"rendered":"Versy Labradorit"},"content":{"rendered":"<p>Einzigartiger Anh\u00e4nger aus der Versy-Kollektion aus Labradorit an einem schwarzen Lederband mit verstellbarer L\u00e4nge (den Knoten nach oben oder unten ziehen). Die Halskette ist unisex und f\u00fcr Kinder und Erwachsene geeignet. <\/p>\n<p>Weitere Informationen: <a href=\"https:\/\/moirai.si\/de\/labradorit\/\" target=\"_blank\" rel=\"noopener noreferrer\">Labradorit<\/a><\/p>\n<p>MATERIAL: Labradorit, schwarzes Leder<br \/>\nL\u00c4NGE: flexibel (38-77 cm)<br \/>\nGEWICHT: 16,2 g<br \/>\nSTEINGR\u00d6SSE: 2,1-3,4 cm<br \/>\nSTEINDICKE: 0,9 cm <\/p>","protected":false},"excerpt":{"rendered":"<p>Unikaten obesek kolekcije Versy iz Labradorita na \u010drnem usnjenem traku s prilagodljivo dol\u017eino (poteg vozla gor oz. dol). Ogrlica je unisex in je primerna za otroke in odrasle. Ve\u010d informacij: Labradorit MATERIAL: Labradorit, \u010drno usnje DOL\u017dINA: prilagodljiva (38-77 cm) TE\u017dA: 16,2 g VELIKOST KAMNA: 2.1-3.4 cm DEBELINA KAMNA: 0.9 cm<\/p>","protected":false},"featured_media":22990,"template":"","meta":[],"product_brand":[],"product_cat":[54,92,309],"product_tag":[648,294],"class_list":{"0":"post-22989","1":"product","2":"type-product","3":"status-publish","4":"has-post-thumbnail","6":"product_cat-labradorit","7":"product_cat-obeski-in-usnje","8":"product_cat-versy","9":"product_tag-crno-usnje","10":"product_tag-labradorit","12":"first","13":"instock","14":"shipping-taxable","15":"purchasable","16":"product-type-simple"},"_links":{"self":[{"href":"https:\/\/moirai.si\/de\/wp-json\/wp\/v2\/product\/22989","targetHints":{"allow":["GET"]}}],"collection":[{"href":"https:\/\/moirai.si\/de\/wp-json\/wp\/v2\/product"}],"about":[{"href":"https:\/\/moirai.si\/de\/wp-json\/wp\/v2\/types\/product"}],"wp:featuredmedia":[{"embeddable":true,"href":"https:\/\/moirai.si\/de\/wp-json\/wp\/v2\/media\/22990"}],"wp:attachment":[{"href":"https:\/\/moirai.si\/de\/wp-json\/wp\/v2\/media?parent=22989"}],"wp:term":[{"taxonomy":"product_brand","embeddable":true,"href":"https:\/\/moirai.si\/de\/wp-json\/wp\/v2\/product_brand?post=22989"},{"taxonomy":"product_cat","embeddable":true,"href":"https:\/\/moirai.si\/de\/wp-json\/wp\/v2\/product_cat?post=22989"},{"taxonomy":"product_tag","embeddable":true,"href":"https:\/\/moirai.si\/de\/wp-json\/wp\/v2\/product_tag?post=22989"}],"curies":[{"name":"wp","href":"https:\/\/api.w.org\/{rel}","templated":true}]}}