{"id":23191,"date":"2023-01-25T16:20:22","date_gmt":"2023-01-25T16:20:22","guid":{"rendered":"https:\/\/moirai.si\/?post_type=product&#038;p=23191"},"modified":"2026-03-28T13:38:58","modified_gmt":"2026-03-28T13:38:58","slug":"clasic-akvamarin-7","status":"publish","type":"product","link":"https:\/\/moirai.si\/de\/izdelek\/clasic-akvamarin-7\/","title":{"rendered":"Klassischer Aquamarin"},"content":{"rendered":"<p>Elegantni uhani kolekcije Clasic, ki so narejeni iz Akvamarina in rodiniranega srebra 925. Slika je simboli\u010dna. Mo\u017ena so manj\u0161a odstopanja v barvi.<\/p>\n<p>Weitere Informationen: <a href=\"https:\/\/moirai.si\/de\/aquamarin\/\" target=\"_blank\" rel=\"noopener noreferrer\">Aquamarin<\/a><\/p>\n<p>MATERIAL: Aquamarin, Sterlingsilber 925<br \/>\nVELIKOST KAMNOV: 12 mm<br \/>\nTE\u017dA: 4,8 g<br \/>\nDOL\u017dINA UHANA: 3.6 cm<\/p>","protected":false},"excerpt":{"rendered":"<p>Elegantni uhani kolekcije Clasic, ki so narejeni iz Akvamarina in rodiniranega srebra 925. Slika je simboli\u010dna. Mo\u017ena so manj\u0161a odstopanja v barvi. Ve\u010d informacij: Akvamarin MATERIAL: Akvamarin, rodinirano srebro 925 VELIKOST KAMNOV: 12 mm TE\u017dA: 4,8 g DOL\u017dINA UHANA: 3.6 cm<\/p>","protected":false},"featured_media":25081,"template":"","meta":[],"product_brand":[],"product_cat":[34,208,1138,27,1141],"product_tag":[311,637],"class_list":{"0":"post-23191","1":"product","2":"type-product","3":"status-publish","4":"has-post-thumbnail","6":"product_cat-akvamarin","7":"product_cat-clasic","8":"product_cat-ogled-vseh-uhani","9":"product_cat-uhani","10":"product_cat-uhani-clasic","11":"product_tag-akvamarin","12":"product_tag-rodinirano-srebro-925","14":"first","15":"outofstock","16":"shipping-taxable","17":"purchasable","18":"product-type-simple"},"_links":{"self":[{"href":"https:\/\/moirai.si\/de\/wp-json\/wp\/v2\/product\/23191","targetHints":{"allow":["GET"]}}],"collection":[{"href":"https:\/\/moirai.si\/de\/wp-json\/wp\/v2\/product"}],"about":[{"href":"https:\/\/moirai.si\/de\/wp-json\/wp\/v2\/types\/product"}],"wp:featuredmedia":[{"embeddable":true,"href":"https:\/\/moirai.si\/de\/wp-json\/wp\/v2\/media\/25081"}],"wp:attachment":[{"href":"https:\/\/moirai.si\/de\/wp-json\/wp\/v2\/media?parent=23191"}],"wp:term":[{"taxonomy":"product_brand","embeddable":true,"href":"https:\/\/moirai.si\/de\/wp-json\/wp\/v2\/product_brand?post=23191"},{"taxonomy":"product_cat","embeddable":true,"href":"https:\/\/moirai.si\/de\/wp-json\/wp\/v2\/product_cat?post=23191"},{"taxonomy":"product_tag","embeddable":true,"href":"https:\/\/moirai.si\/de\/wp-json\/wp\/v2\/product_tag?post=23191"}],"curies":[{"name":"wp","href":"https:\/\/api.w.org\/{rel}","templated":true}]}}