{"id":23220,"date":"2023-01-26T12:34:13","date_gmt":"2023-01-26T12:34:13","guid":{"rendered":"https:\/\/moirai.si\/?post_type=product&#038;p=23220"},"modified":"2025-12-16T14:33:46","modified_gmt":"2025-12-16T14:33:46","slug":"le-petit-oniks-3","status":"publish","type":"product","link":"https:\/\/moirai.si\/de\/izdelek\/le-petit-oniks-3\/","title":{"rendered":"Le Petit Onyx"},"content":{"rendered":"<p>Elegantni uhani kolekcije Le Petit, ki so narejeni iz \u010drnega Oniksa in rodiniranega srebra 925.<\/p>\n<p>MATERIAL: \u010drni Oniks, rodinirano srebro 925<br \/>\nSTEINGR\u00d6SSE: 8 mm<br \/>\nGEWICHT: 2,2 g<br \/>\nL\u00c4NGE: 1,9 cm<\/p>","protected":false},"excerpt":{"rendered":"<p>Elegantni uhani kolekcije Le Petit, ki so narejeni iz \u010drnega Oniksa in rodiniranega srebra 925. MATERIAL: \u010drni Oniks, rodinirano srebro 925 VELIKOST KAMNOV: 8 mm TE\u017dA: 2.2 g DOL\u017dINA: 1.9 cm<\/p>","protected":false},"featured_media":24038,"template":"","meta":[],"product_brand":[],"product_cat":[211,1138,62,27,1143],"product_tag":[1100,637],"class_list":{"0":"post-23220","1":"product","2":"type-product","3":"status-publish","4":"has-post-thumbnail","6":"product_cat-le-petit","7":"product_cat-ogled-vseh-uhani","8":"product_cat-oniks","9":"product_cat-uhani","10":"product_cat-uhani-le-petit","11":"product_tag-crni-oniks","12":"product_tag-rodinirano-srebro-925","14":"first","15":"instock","16":"shipping-taxable","17":"purchasable","18":"product-type-simple"},"_links":{"self":[{"href":"https:\/\/moirai.si\/de\/wp-json\/wp\/v2\/product\/23220","targetHints":{"allow":["GET"]}}],"collection":[{"href":"https:\/\/moirai.si\/de\/wp-json\/wp\/v2\/product"}],"about":[{"href":"https:\/\/moirai.si\/de\/wp-json\/wp\/v2\/types\/product"}],"wp:featuredmedia":[{"embeddable":true,"href":"https:\/\/moirai.si\/de\/wp-json\/wp\/v2\/media\/24038"}],"wp:attachment":[{"href":"https:\/\/moirai.si\/de\/wp-json\/wp\/v2\/media?parent=23220"}],"wp:term":[{"taxonomy":"product_brand","embeddable":true,"href":"https:\/\/moirai.si\/de\/wp-json\/wp\/v2\/product_brand?post=23220"},{"taxonomy":"product_cat","embeddable":true,"href":"https:\/\/moirai.si\/de\/wp-json\/wp\/v2\/product_cat?post=23220"},{"taxonomy":"product_tag","embeddable":true,"href":"https:\/\/moirai.si\/de\/wp-json\/wp\/v2\/product_tag?post=23220"}],"curies":[{"name":"wp","href":"https:\/\/api.w.org\/{rel}","templated":true}]}}