{"id":23232,"date":"2023-01-26T13:34:59","date_gmt":"2023-01-26T13:34:59","guid":{"rendered":"https:\/\/moirai.si\/?post_type=product&#038;p=23232"},"modified":"2025-12-16T15:37:37","modified_gmt":"2025-12-16T15:37:37","slug":"le-petit-jasper-provinziell","status":"publish","type":"product","link":"https:\/\/moirai.si\/de\/izdelek\/le-petit-jaspis-pokrajinski\/","title":{"rendered":"Le Petit Jaspis Provinzial"},"content":{"rendered":"<p>Elegantni uhani kolekcije Le Petit, ki so narejeni iz Pokrajinskega Jaspisa in srebra 925. Slika je simboli\u010dna. Mo\u017ena so manj\u0161a odstopanja v barvi.<\/p>\n<p>MATERIAL: Provinzieller Jaspis, Sterlingsilber 925<br \/>\nSTEINGR\u00d6SSE: 8 mm<br \/>\nGEWICHT: 1,9 g<br \/>\nL\u00c4NGE: 1,9 cm<\/p>","protected":false},"excerpt":{"rendered":"<p>Elegantni uhani kolekcije Le Petit, ki so narejeni iz Pokrajinskega Jaspisa in srebra 925. Slika je simboli\u010dna. Mo\u017ena so manj\u0161a odstopanja v barvi. MATERIAL: Pokrajinski Jaspis, srebro 925 VELIKOST KAMNOV: 8 mm TE\u017dA: 1,9 g DOL\u017dINA: 1.9 cm<\/p>","protected":false},"featured_media":25703,"template":"","meta":[],"product_brand":[],"product_cat":[47,211,1138,27,1143],"product_tag":[516,371],"class_list":{"0":"post-23232","1":"product","2":"type-product","3":"status-publish","4":"has-post-thumbnail","6":"product_cat-jaspis","7":"product_cat-le-petit","8":"product_cat-ogled-vseh-uhani","9":"product_cat-uhani","10":"product_cat-uhani-le-petit","11":"product_tag-pokrajinski-jaspis","12":"product_tag-srebro-925","14":"first","15":"instock","16":"shipping-taxable","17":"purchasable","18":"product-type-simple"},"_links":{"self":[{"href":"https:\/\/moirai.si\/de\/wp-json\/wp\/v2\/product\/23232","targetHints":{"allow":["GET"]}}],"collection":[{"href":"https:\/\/moirai.si\/de\/wp-json\/wp\/v2\/product"}],"about":[{"href":"https:\/\/moirai.si\/de\/wp-json\/wp\/v2\/types\/product"}],"wp:featuredmedia":[{"embeddable":true,"href":"https:\/\/moirai.si\/de\/wp-json\/wp\/v2\/media\/25703"}],"wp:attachment":[{"href":"https:\/\/moirai.si\/de\/wp-json\/wp\/v2\/media?parent=23232"}],"wp:term":[{"taxonomy":"product_brand","embeddable":true,"href":"https:\/\/moirai.si\/de\/wp-json\/wp\/v2\/product_brand?post=23232"},{"taxonomy":"product_cat","embeddable":true,"href":"https:\/\/moirai.si\/de\/wp-json\/wp\/v2\/product_cat?post=23232"},{"taxonomy":"product_tag","embeddable":true,"href":"https:\/\/moirai.si\/de\/wp-json\/wp\/v2\/product_tag?post=23232"}],"curies":[{"name":"wp","href":"https:\/\/api.w.org\/{rel}","templated":true}]}}