{"id":23234,"date":"2023-01-26T13:38:34","date_gmt":"2023-01-26T13:38:34","guid":{"rendered":"https:\/\/moirai.si\/?post_type=product&#038;p=23234"},"modified":"2025-12-16T15:36:21","modified_gmt":"2025-12-16T15:36:21","slug":"le-petit-rutil-2","status":"publish","type":"product","link":"https:\/\/moirai.si\/de\/izdelek\/le-petit-rutil-2\/","title":{"rendered":"Le Petit Rutil"},"content":{"rendered":"<p>Elegante Ohrringe aus der Kollektion Le Petit, aus Rutil und rhodiniertem 925er Sterlingsilber. Die Abbildung ist symbolisch. Leichte Farbabweichungen sind m\u00f6glich. <\/p>\n<p>MATERIAL: Rutil, Sterlingsilber 925<br \/>\nSTEINGR\u00d6SSE: 7 mm<br \/>\nGEWICHT: ca. 2 g<br \/>\nL\u00c4NGE: 1,9 cm<\/p>","protected":false},"excerpt":{"rendered":"<p>Elegantni uhani kolekcije Le Petit, ki so narejeni iz Rutila in rodiniranega srebra 925. Slika je simboli\u010dna. Mo\u017ena so manj\u0161a odstopanja v barvi. MATERIAL: Rutil, rodinirano srebro 925 VELIKOST KAMNOV: 7 mm TE\u017dA: cca 2 g DOL\u017dINA: 1.9 cm<\/p>","protected":false},"featured_media":26953,"template":"","meta":[],"product_brand":[],"product_cat":[211,1138,72,27,1141],"product_tag":[637,314],"class_list":{"0":"post-23234","1":"product","2":"type-product","3":"status-publish","4":"has-post-thumbnail","6":"product_cat-le-petit","7":"product_cat-ogled-vseh-uhani","8":"product_cat-rutil","9":"product_cat-uhani","10":"product_cat-uhani-clasic","11":"product_tag-rodinirano-srebro-925","12":"product_tag-rutil","14":"first","15":"instock","16":"shipping-taxable","17":"purchasable","18":"product-type-simple"},"_links":{"self":[{"href":"https:\/\/moirai.si\/de\/wp-json\/wp\/v2\/product\/23234","targetHints":{"allow":["GET"]}}],"collection":[{"href":"https:\/\/moirai.si\/de\/wp-json\/wp\/v2\/product"}],"about":[{"href":"https:\/\/moirai.si\/de\/wp-json\/wp\/v2\/types\/product"}],"wp:featuredmedia":[{"embeddable":true,"href":"https:\/\/moirai.si\/de\/wp-json\/wp\/v2\/media\/26953"}],"wp:attachment":[{"href":"https:\/\/moirai.si\/de\/wp-json\/wp\/v2\/media?parent=23234"}],"wp:term":[{"taxonomy":"product_brand","embeddable":true,"href":"https:\/\/moirai.si\/de\/wp-json\/wp\/v2\/product_brand?post=23234"},{"taxonomy":"product_cat","embeddable":true,"href":"https:\/\/moirai.si\/de\/wp-json\/wp\/v2\/product_cat?post=23234"},{"taxonomy":"product_tag","embeddable":true,"href":"https:\/\/moirai.si\/de\/wp-json\/wp\/v2\/product_tag?post=23234"}],"curies":[{"name":"wp","href":"https:\/\/api.w.org\/{rel}","templated":true}]}}