{"id":23238,"date":"2023-01-26T13:44:32","date_gmt":"2023-01-26T13:44:32","guid":{"rendered":"https:\/\/moirai.si\/?post_type=product&#038;p=23238"},"modified":"2025-12-16T15:38:02","modified_gmt":"2025-12-16T15:38:02","slug":"le-petit-calcite-orange-2","status":"publish","type":"product","link":"https:\/\/moirai.si\/de\/izdelek\/le-petit-kalcit-oranzni-2\/","title":{"rendered":"Le Petit Calcite Orange"},"content":{"rendered":"<p>Elegantni uhani kolekcije Le Petit, ki so narejeni iz oran\u017enega Kalcita in srebra 925. Slika je simboli\u010dna. Mo\u017ena so manj\u0161a odstopanja v barvi.<\/p>\n<p>MATERIAL: orangefarbener Calcit, Sterlingsilber 925<br \/>\nSTEINGR\u00d6SSE: 8 mm<br \/>\nGEWICHT: 2,2 g<br \/>\nL\u00c4NGE: 1,9 cm<\/p>","protected":false},"excerpt":{"rendered":"<p>Elegantni uhani kolekcije Le Petit, ki so narejeni iz oran\u017enega Kalcita in srebra 925. Slika je simboli\u010dna. Mo\u017ena so manj\u0161a odstopanja v barvi. MATERIAL: oran\u017eni Kalcit, srebro 925 VELIKOST KAMNOV: 8 mm TE\u017dA: 2,2 g DOL\u017dINA: 1.9 cm<\/p>","protected":false},"featured_media":25700,"template":"","meta":[],"product_brand":[],"product_cat":[747,211,1138,27,1143],"product_tag":[741,371],"class_list":{"0":"post-23238","1":"product","2":"type-product","3":"status-publish","4":"has-post-thumbnail","6":"product_cat-kalcit","7":"product_cat-le-petit","8":"product_cat-ogled-vseh-uhani","9":"product_cat-uhani","10":"product_cat-uhani-le-petit","11":"product_tag-oranzni-kalcit","12":"product_tag-srebro-925","14":"first","15":"instock","16":"shipping-taxable","17":"purchasable","18":"product-type-simple"},"_links":{"self":[{"href":"https:\/\/moirai.si\/de\/wp-json\/wp\/v2\/product\/23238","targetHints":{"allow":["GET"]}}],"collection":[{"href":"https:\/\/moirai.si\/de\/wp-json\/wp\/v2\/product"}],"about":[{"href":"https:\/\/moirai.si\/de\/wp-json\/wp\/v2\/types\/product"}],"wp:featuredmedia":[{"embeddable":true,"href":"https:\/\/moirai.si\/de\/wp-json\/wp\/v2\/media\/25700"}],"wp:attachment":[{"href":"https:\/\/moirai.si\/de\/wp-json\/wp\/v2\/media?parent=23238"}],"wp:term":[{"taxonomy":"product_brand","embeddable":true,"href":"https:\/\/moirai.si\/de\/wp-json\/wp\/v2\/product_brand?post=23238"},{"taxonomy":"product_cat","embeddable":true,"href":"https:\/\/moirai.si\/de\/wp-json\/wp\/v2\/product_cat?post=23238"},{"taxonomy":"product_tag","embeddable":true,"href":"https:\/\/moirai.si\/de\/wp-json\/wp\/v2\/product_tag?post=23238"}],"curies":[{"name":"wp","href":"https:\/\/api.w.org\/{rel}","templated":true}]}}