{"id":23244,"date":"2023-01-26T13:53:21","date_gmt":"2023-01-26T13:53:21","guid":{"rendered":"https:\/\/moirai.si\/?post_type=product&#038;p=23244"},"modified":"2025-12-16T15:39:41","modified_gmt":"2025-12-16T15:39:41","slug":"le-petit-unakit","status":"publish","type":"product","link":"https:\/\/moirai.si\/de\/izdelek\/le-petit-unakit\/","title":{"rendered":"Le Petit Unakit"},"content":{"rendered":"<p>Elegantni uhani kolekcije Le Petit, ki so narejeni iz Unakita in rodiniranega srebra 925. Slika je simboli\u010dna. Mo\u017ena so manj\u0161a odstopanja v barvi.<\/p>\n<p>MATERIAL: Unakit, rodinirano srebro 925<br \/>\nSTEINGR\u00d6SSE: 8 mm<br \/>\nTE\u017dA: 2,8 g<br \/>\nL\u00c4NGE: 1,9 cm<\/p>","protected":false},"excerpt":{"rendered":"<p>Elegantni uhani kolekcije Le Petit, ki so narejeni iz Unakita in rodiniranega srebra 925. Slika je simboli\u010dna. Mo\u017ena so manj\u0161a odstopanja v barvi. MATERIAL: Unakit, rodinirano srebro 925 VELIKOST KAMNOV: 8 mm TE\u017dA: 2,8 g DOL\u017dINA: 1.9 cm<\/p>","protected":false},"featured_media":24026,"template":"","meta":[],"product_brand":[],"product_cat":[211,1138,27,1143,751],"product_tag":[637,488],"class_list":{"0":"post-23244","1":"product","2":"type-product","3":"status-publish","4":"has-post-thumbnail","6":"product_cat-le-petit","7":"product_cat-ogled-vseh-uhani","8":"product_cat-uhani","9":"product_cat-uhani-le-petit","10":"product_cat-unakit","11":"product_tag-rodinirano-srebro-925","12":"product_tag-unakit","14":"first","15":"instock","16":"shipping-taxable","17":"purchasable","18":"product-type-simple"},"_links":{"self":[{"href":"https:\/\/moirai.si\/de\/wp-json\/wp\/v2\/product\/23244","targetHints":{"allow":["GET"]}}],"collection":[{"href":"https:\/\/moirai.si\/de\/wp-json\/wp\/v2\/product"}],"about":[{"href":"https:\/\/moirai.si\/de\/wp-json\/wp\/v2\/types\/product"}],"wp:featuredmedia":[{"embeddable":true,"href":"https:\/\/moirai.si\/de\/wp-json\/wp\/v2\/media\/24026"}],"wp:attachment":[{"href":"https:\/\/moirai.si\/de\/wp-json\/wp\/v2\/media?parent=23244"}],"wp:term":[{"taxonomy":"product_brand","embeddable":true,"href":"https:\/\/moirai.si\/de\/wp-json\/wp\/v2\/product_brand?post=23244"},{"taxonomy":"product_cat","embeddable":true,"href":"https:\/\/moirai.si\/de\/wp-json\/wp\/v2\/product_cat?post=23244"},{"taxonomy":"product_tag","embeddable":true,"href":"https:\/\/moirai.si\/de\/wp-json\/wp\/v2\/product_tag?post=23244"}],"curies":[{"name":"wp","href":"https:\/\/api.w.org\/{rel}","templated":true}]}}