{"id":23250,"date":"2023-01-26T14:05:27","date_gmt":"2023-01-26T14:05:27","guid":{"rendered":"https:\/\/moirai.si\/?post_type=product&#038;p=23250"},"modified":"2025-12-16T15:41:11","modified_gmt":"2025-12-16T15:41:11","slug":"le-petit-pearl-5","status":"publish","type":"product","link":"https:\/\/moirai.si\/de\/izdelek\/le-petit-biser-5\/","title":{"rendered":"Le Petit Perlen"},"content":{"rendered":"<p>Elegante Ohrringe aus der Kollektion Le Petit aus wei\u00dfen S\u00fc\u00dfwasser-Zuchtperlen und 925er Sterlingsilber.<\/p>\n<p>MATERIAL: wei\u00dfe S\u00fc\u00dfwasser-Zuchtperlen, Sterling Silber 925<br \/>\nBISER GR\u00d6SSE: 9 mm<br \/>\nGEWICHT: 2,9 g<br \/>\nL\u00c4NGE: 2 cm<\/p>","protected":false},"excerpt":{"rendered":"<p>Elegantni uhani kolekcije Le Petit, ki so narejeni iz belih sladkovodno-gojenih Biserov in srebra 925. MATERIAL: beli sladkovodno-gojeni Biseri, srebro 925 VELIKOST BISEROV: 9 mm TE\u017dA: 2,9 g DOL\u017dINA: 2 cm<\/p>","protected":false},"featured_media":25698,"template":"","meta":[],"product_brand":[],"product_cat":[687,1135,211,1138,27,1139,1143],"product_tag":[647,371],"class_list":{"0":"post-23250","1":"product","2":"type-product","3":"status-publish","4":"has-post-thumbnail","6":"product_cat-biser","7":"product_cat-biseri-in-skoljke","8":"product_cat-le-petit","9":"product_cat-ogled-vseh-uhani","10":"product_cat-uhani","11":"product_cat-uhani-biseri","12":"product_cat-uhani-le-petit","13":"product_tag-beli-sladkovodno-gojeni-biseri","14":"product_tag-srebro-925","16":"first","17":"instock","18":"shipping-taxable","19":"purchasable","20":"product-type-simple"},"_links":{"self":[{"href":"https:\/\/moirai.si\/de\/wp-json\/wp\/v2\/product\/23250","targetHints":{"allow":["GET"]}}],"collection":[{"href":"https:\/\/moirai.si\/de\/wp-json\/wp\/v2\/product"}],"about":[{"href":"https:\/\/moirai.si\/de\/wp-json\/wp\/v2\/types\/product"}],"wp:featuredmedia":[{"embeddable":true,"href":"https:\/\/moirai.si\/de\/wp-json\/wp\/v2\/media\/25698"}],"wp:attachment":[{"href":"https:\/\/moirai.si\/de\/wp-json\/wp\/v2\/media?parent=23250"}],"wp:term":[{"taxonomy":"product_brand","embeddable":true,"href":"https:\/\/moirai.si\/de\/wp-json\/wp\/v2\/product_brand?post=23250"},{"taxonomy":"product_cat","embeddable":true,"href":"https:\/\/moirai.si\/de\/wp-json\/wp\/v2\/product_cat?post=23250"},{"taxonomy":"product_tag","embeddable":true,"href":"https:\/\/moirai.si\/de\/wp-json\/wp\/v2\/product_tag?post=23250"}],"curies":[{"name":"wp","href":"https:\/\/api.w.org\/{rel}","templated":true}]}}