{"id":23309,"date":"2023-02-08T11:57:01","date_gmt":"2023-02-08T11:57:01","guid":{"rendered":"https:\/\/moirai.si\/?post_type=product&#038;p=23309"},"modified":"2025-01-06T17:24:45","modified_gmt":"2025-01-06T17:24:45","slug":"obesek-rodokrozit","status":"publish","type":"product","link":"https:\/\/moirai.si\/de\/izdelek\/obesek-rodokrozit\/","title":{"rendered":"Rhodochrosit-Anh\u00e4nger"},"content":{"rendered":"<p>\u010cudovit obesek iz srebra 925 in Rodokrozita. Veri\u017eica ni vklju\u010dena v ceno. Novo veri\u017eico si lahko izberete tukaj: <a href=\"https:\/\/moirai.si\/de\/produktkategorie-2\/anhanger-und-ketten\/ketten-und-schnure\/\" target=\"_blank\" rel=\"noopener noreferrer\">Ketten<\/a><\/p>\n<p>MATERIAL: Rhodochrosit, Sterling Silber 925<br \/>\nTE\u017dA: 19,7 g<br \/>\nVELIKOST OBESKA: 2,8-5,4 cm<br \/>\nSTEINDICKE: 0,7 cm<\/p>","protected":false},"excerpt":{"rendered":"<p>\u010cudovit obesek iz srebra 925 in Rodokrozita. Veri\u017eica ni vklju\u010dena v ceno. Novo veri\u017eico si lahko izberete tukaj: Veri\u017eice MATERIAL: Rodokrozit, Srebro 925 TE\u017dA: 19,7 g VELIKOST OBESKA: 2,8-5,4 cm DEBELINA KAMNA: 0,7 cm<\/p>","protected":false},"featured_media":23310,"template":"","meta":[],"product_brand":[],"product_cat":[910,71],"product_tag":[397,371],"class_list":{"0":"post-23309","1":"product","2":"type-product","3":"status-publish","4":"has-post-thumbnail","6":"product_cat-obeski-in-srebro","7":"product_cat-rodokrozit","8":"product_tag-rodokrozit","9":"product_tag-srebro-925","11":"first","12":"instock","13":"shipping-taxable","14":"purchasable","15":"product-type-simple"},"_links":{"self":[{"href":"https:\/\/moirai.si\/de\/wp-json\/wp\/v2\/product\/23309","targetHints":{"allow":["GET"]}}],"collection":[{"href":"https:\/\/moirai.si\/de\/wp-json\/wp\/v2\/product"}],"about":[{"href":"https:\/\/moirai.si\/de\/wp-json\/wp\/v2\/types\/product"}],"wp:featuredmedia":[{"embeddable":true,"href":"https:\/\/moirai.si\/de\/wp-json\/wp\/v2\/media\/23310"}],"wp:attachment":[{"href":"https:\/\/moirai.si\/de\/wp-json\/wp\/v2\/media?parent=23309"}],"wp:term":[{"taxonomy":"product_brand","embeddable":true,"href":"https:\/\/moirai.si\/de\/wp-json\/wp\/v2\/product_brand?post=23309"},{"taxonomy":"product_cat","embeddable":true,"href":"https:\/\/moirai.si\/de\/wp-json\/wp\/v2\/product_cat?post=23309"},{"taxonomy":"product_tag","embeddable":true,"href":"https:\/\/moirai.si\/de\/wp-json\/wp\/v2\/product_tag?post=23309"}],"curies":[{"name":"wp","href":"https:\/\/api.w.org\/{rel}","templated":true}]}}