{"id":23319,"date":"2023-02-08T12:24:11","date_gmt":"2023-02-08T12:24:11","guid":{"rendered":"https:\/\/moirai.si\/?post_type=product&#038;p=23319"},"modified":"2025-02-19T18:42:46","modified_gmt":"2025-02-19T18:42:46","slug":"dendriten-anhanger-opal-ahat-10","status":"publish","type":"product","link":"https:\/\/moirai.si\/de\/izdelek\/obesek-dendrit-opal-ahat-10\/","title":{"rendered":"Dendriten-Opal-Achat-Anh\u00e4nger"},"content":{"rendered":"<p>Sch\u00f6ner Anh\u00e4nger aus 925er Sterlingsilber und Dendriten-Opal-Achat. Kette nicht enthalten. Sie k\u00f6nnen eine neue Halskette hier w\u00e4hlen: <a href=\"https:\/\/moirai.si\/de\/produktkategorie-2\/anhanger-und-ketten\/ketten-und-schnure\/\" target=\"_blank\" rel=\"noopener noreferrer\">Ketten<\/a><\/p>\n<p>Weitere Informationen: <a href=\"https:\/\/moirai.si\/de\/achat\/\" target=\"_blank\" rel=\"noopener noreferrer\">Achat<\/a><\/p>\n<p>MATERIAL: Opal Achat Dendrit, Sterling Silber 925<br \/>\nGEWICHT: 12,1 g<br \/>\nGR\u00d6SSE DES ANH\u00c4NGERS: 2,2-3,9 cm<br \/>\nSTEINDICKE: 1 cm<\/p>","protected":false},"excerpt":{"rendered":"<p>\u010cudovit obesek iz srebra 925 in Dendrit Opal Ahata. Veri\u017eica ni vklju\u010dena v ceno. Novo veri\u017eico si lahko izberete tukaj: Veri\u017eice Ve\u010d informacij: Ahat MATERIAL: Dendrit Opal Ahat, Srebro 925 TE\u017dA: 12,1 g VELIKOST OBESKA: 2,2-3,9 cm DEBELINA KAMNA: 1 cm<\/p>","protected":false},"featured_media":23320,"template":"","meta":[],"product_brand":[],"product_cat":[30,910,64],"product_tag":[912,371],"class_list":{"0":"post-23319","1":"product","2":"type-product","3":"status-publish","4":"has-post-thumbnail","6":"product_cat-ahat","7":"product_cat-obeski-in-srebro","8":"product_cat-opal","9":"product_tag-dendrit-opal-ahat","10":"product_tag-srebro-925","12":"first","13":"instock","14":"shipping-taxable","15":"purchasable","16":"product-type-simple"},"_links":{"self":[{"href":"https:\/\/moirai.si\/de\/wp-json\/wp\/v2\/product\/23319","targetHints":{"allow":["GET"]}}],"collection":[{"href":"https:\/\/moirai.si\/de\/wp-json\/wp\/v2\/product"}],"about":[{"href":"https:\/\/moirai.si\/de\/wp-json\/wp\/v2\/types\/product"}],"wp:featuredmedia":[{"embeddable":true,"href":"https:\/\/moirai.si\/de\/wp-json\/wp\/v2\/media\/23320"}],"wp:attachment":[{"href":"https:\/\/moirai.si\/de\/wp-json\/wp\/v2\/media?parent=23319"}],"wp:term":[{"taxonomy":"product_brand","embeddable":true,"href":"https:\/\/moirai.si\/de\/wp-json\/wp\/v2\/product_brand?post=23319"},{"taxonomy":"product_cat","embeddable":true,"href":"https:\/\/moirai.si\/de\/wp-json\/wp\/v2\/product_cat?post=23319"},{"taxonomy":"product_tag","embeddable":true,"href":"https:\/\/moirai.si\/de\/wp-json\/wp\/v2\/product_tag?post=23319"}],"curies":[{"name":"wp","href":"https:\/\/api.w.org\/{rel}","templated":true}]}}