{"id":23341,"date":"2023-02-08T13:48:03","date_gmt":"2023-02-08T13:48:03","guid":{"rendered":"https:\/\/moirai.si\/?post_type=product&#038;p=23341"},"modified":"2025-01-06T17:23:53","modified_gmt":"2025-01-06T17:23:53","slug":"anhanger-jaspis-rot-4","status":"publish","type":"product","link":"https:\/\/moirai.si\/de\/izdelek\/obesek-jaspis-rdeci-4\/","title":{"rendered":"Jaspis-Anh\u00e4nger Rot"},"content":{"rendered":"<p>\u010cudovit obesek iz srebra 925 in rde\u010dega Jaspisa. Veri\u017eica ni vklju\u010dena v ceno. Novo veri\u017eico si lahko izberete tukaj: <a href=\"https:\/\/moirai.si\/de\/produktkategorie-2\/anhanger-und-ketten\/ketten-und-schnure\/\" target=\"_blank\" rel=\"noopener noreferrer\">Ketten<\/a><\/p>\n<p>MATERIAL: roter Jaspis, Silber 925<br \/>\nGEWICHT: 14,9 g<br \/>\nGR\u00d6SSE DES ANH\u00c4NGERS: 2,4-4,3 cm<br \/>\nSTEINDICKE: 0,7 cm<\/p>","protected":false},"excerpt":{"rendered":"<p>\u010cudovit obesek iz srebra 925 in rde\u010dega Jaspisa. Veri\u017eica ni vklju\u010dena v ceno. Novo veri\u017eico si lahko izberete tukaj: Veri\u017eice MATERIAL: rde\u010di Jaspis, Srebro 925 TE\u017dA: 14,9 g VELIKOST OBESKA: 2,4-4,3 cm DEBELINA KAMNA: 0,7 cm<\/p>","protected":false},"featured_media":23342,"template":"","meta":[],"product_brand":[],"product_cat":[47,910],"product_tag":[779,371],"class_list":{"0":"post-23341","1":"product","2":"type-product","3":"status-publish","4":"has-post-thumbnail","6":"product_cat-jaspis","7":"product_cat-obeski-in-srebro","8":"product_tag-rdeci-jaspis","9":"product_tag-srebro-925","11":"first","12":"instock","13":"shipping-taxable","14":"purchasable","15":"product-type-simple"},"_links":{"self":[{"href":"https:\/\/moirai.si\/de\/wp-json\/wp\/v2\/product\/23341","targetHints":{"allow":["GET"]}}],"collection":[{"href":"https:\/\/moirai.si\/de\/wp-json\/wp\/v2\/product"}],"about":[{"href":"https:\/\/moirai.si\/de\/wp-json\/wp\/v2\/types\/product"}],"wp:featuredmedia":[{"embeddable":true,"href":"https:\/\/moirai.si\/de\/wp-json\/wp\/v2\/media\/23342"}],"wp:attachment":[{"href":"https:\/\/moirai.si\/de\/wp-json\/wp\/v2\/media?parent=23341"}],"wp:term":[{"taxonomy":"product_brand","embeddable":true,"href":"https:\/\/moirai.si\/de\/wp-json\/wp\/v2\/product_brand?post=23341"},{"taxonomy":"product_cat","embeddable":true,"href":"https:\/\/moirai.si\/de\/wp-json\/wp\/v2\/product_cat?post=23341"},{"taxonomy":"product_tag","embeddable":true,"href":"https:\/\/moirai.si\/de\/wp-json\/wp\/v2\/product_tag?post=23341"}],"curies":[{"name":"wp","href":"https:\/\/api.w.org\/{rel}","templated":true}]}}