{"id":23414,"date":"2023-02-10T14:23:47","date_gmt":"2023-02-10T14:23:47","guid":{"rendered":"https:\/\/moirai.si\/?post_type=product&#038;p=23414"},"modified":"2025-01-06T17:22:32","modified_gmt":"2025-01-06T17:22:32","slug":"pendelauge","status":"publish","type":"product","link":"https:\/\/moirai.si\/de\/izdelek\/obesek-macje-oko\/","title":{"rendered":"Katzenauge-Anh\u00e4nger"},"content":{"rendered":"<p>Sch\u00f6ner Anh\u00e4nger aus 925er Sterlingsilber und Cat's Eye. Kette nicht enthalten. Sie k\u00f6nnen eine neue Halskette hier w\u00e4hlen: <a href=\"https:\/\/moirai.si\/de\/produktkategorie-2\/anhanger-und-ketten\/ketten-und-schnure\/\" target=\"_blank\" rel=\"noopener noreferrer\">Ketten<\/a><\/p>\n<p>MATERIAL: Katzenauge (rotes Tigerauge), Sterling Silber 925<br \/>\nGEWICHT: 8,4 g<br \/>\nGR\u00d6SSE DES ANH\u00c4NGERS: 1,7-3,2 cm<br \/>\nSTEINDICKE: 1 cm<\/p>","protected":false},"excerpt":{"rendered":"<p>\u010cudovit obesek iz srebra 925 in Ma\u010djega O\u010desa. Veri\u017eica ni vklju\u010dena v ceno. Novo veri\u017eico si lahko izberete tukaj: Veri\u017eice MATERIAL: Ma\u010dje Oko (rde\u010de Tigrovo Oko), Srebro 925 TE\u017dA: 8,4 g VELIKOST OBESKA: 1,7-3,2 cm DEBELINA KAMNA: 1 cm<\/p>","protected":false},"featured_media":23416,"template":"","meta":[],"product_brand":[],"product_cat":[86,910,81],"product_tag":[705,371],"class_list":{"0":"post-23414","1":"product","2":"type-product","3":"status-publish","4":"has-post-thumbnail","6":"product_cat-macje-oko","7":"product_cat-obeski-in-srebro","8":"product_cat-tigrovo-oko","9":"product_tag-macje-oko-rdece-tigrovo-oko","10":"product_tag-srebro-925","12":"first","13":"instock","14":"shipping-taxable","15":"purchasable","16":"product-type-simple"},"_links":{"self":[{"href":"https:\/\/moirai.si\/de\/wp-json\/wp\/v2\/product\/23414","targetHints":{"allow":["GET"]}}],"collection":[{"href":"https:\/\/moirai.si\/de\/wp-json\/wp\/v2\/product"}],"about":[{"href":"https:\/\/moirai.si\/de\/wp-json\/wp\/v2\/types\/product"}],"wp:featuredmedia":[{"embeddable":true,"href":"https:\/\/moirai.si\/de\/wp-json\/wp\/v2\/media\/23416"}],"wp:attachment":[{"href":"https:\/\/moirai.si\/de\/wp-json\/wp\/v2\/media?parent=23414"}],"wp:term":[{"taxonomy":"product_brand","embeddable":true,"href":"https:\/\/moirai.si\/de\/wp-json\/wp\/v2\/product_brand?post=23414"},{"taxonomy":"product_cat","embeddable":true,"href":"https:\/\/moirai.si\/de\/wp-json\/wp\/v2\/product_cat?post=23414"},{"taxonomy":"product_tag","embeddable":true,"href":"https:\/\/moirai.si\/de\/wp-json\/wp\/v2\/product_tag?post=23414"}],"curies":[{"name":"wp","href":"https:\/\/api.w.org\/{rel}","templated":true}]}}