{"id":23456,"date":"2023-02-10T16:50:53","date_gmt":"2023-02-10T16:50:53","guid":{"rendered":"https:\/\/moirai.si\/?post_type=product&#038;p=23456"},"modified":"2025-02-19T18:42:36","modified_gmt":"2025-02-19T18:42:36","slug":"obesek-ahat-mahovni-3","status":"publish","type":"product","link":"https:\/\/moirai.si\/de\/izdelek\/obesek-ahat-mahovni-3\/","title":{"rendered":"Anh\u00e4nger Moosiger Achat"},"content":{"rendered":"<p>\u010cudovit obesek iz srebra 925 in Mahovnega Ahata. Veri\u017eica ni vklju\u010dena v ceno. Novo veri\u017eico si lahko izberete tukaj: <a href=\"https:\/\/moirai.si\/de\/produktkategorie-2\/anhanger-und-ketten\/ketten-und-schnure\/\" target=\"_blank\" rel=\"noopener noreferrer\">Ketten<\/a><\/p>\n<p>Weitere Informationen: <a href=\"https:\/\/moirai.si\/de\/achat\/\" target=\"_blank\" rel=\"noopener noreferrer\">Achat<\/a><\/p>\n<p>MATERIAL: Moosachat, Sterling Silber 925<br \/>\nTE\u017dA: 10,6 g<br \/>\nVELIKOST OBESKA: 1,9-3 cm<br \/>\nSTEINST\u00c4RKE: 1,4 cm<\/p>","protected":false},"excerpt":{"rendered":"<p>\u010cudovit obesek iz srebra 925 in Mahovnega Ahata. Veri\u017eica ni vklju\u010dena v ceno. Novo veri\u017eico si lahko izberete tukaj: Veri\u017eice Ve\u010d informacij: Ahat MATERIAL: Mahovni Ahat, Srebro 925 TE\u017dA: 10,6 g VELIKOST OBESKA: 1,9-3 cm DEBELINA KAMNA: 1,4 cm<\/p>","protected":false},"featured_media":23457,"template":"","meta":[],"product_brand":[],"product_cat":[30,910],"product_tag":[775,371],"class_list":{"0":"post-23456","1":"product","2":"type-product","3":"status-publish","4":"has-post-thumbnail","6":"product_cat-ahat","7":"product_cat-obeski-in-srebro","8":"product_tag-mahovni-ahat","9":"product_tag-srebro-925","11":"first","12":"instock","13":"shipping-taxable","14":"purchasable","15":"product-type-simple"},"_links":{"self":[{"href":"https:\/\/moirai.si\/de\/wp-json\/wp\/v2\/product\/23456","targetHints":{"allow":["GET"]}}],"collection":[{"href":"https:\/\/moirai.si\/de\/wp-json\/wp\/v2\/product"}],"about":[{"href":"https:\/\/moirai.si\/de\/wp-json\/wp\/v2\/types\/product"}],"wp:featuredmedia":[{"embeddable":true,"href":"https:\/\/moirai.si\/de\/wp-json\/wp\/v2\/media\/23457"}],"wp:attachment":[{"href":"https:\/\/moirai.si\/de\/wp-json\/wp\/v2\/media?parent=23456"}],"wp:term":[{"taxonomy":"product_brand","embeddable":true,"href":"https:\/\/moirai.si\/de\/wp-json\/wp\/v2\/product_brand?post=23456"},{"taxonomy":"product_cat","embeddable":true,"href":"https:\/\/moirai.si\/de\/wp-json\/wp\/v2\/product_cat?post=23456"},{"taxonomy":"product_tag","embeddable":true,"href":"https:\/\/moirai.si\/de\/wp-json\/wp\/v2\/product_tag?post=23456"}],"curies":[{"name":"wp","href":"https:\/\/api.w.org\/{rel}","templated":true}]}}