{"id":23460,"date":"2023-02-10T16:56:48","date_gmt":"2023-02-10T16:56:48","guid":{"rendered":"https:\/\/moirai.si\/?post_type=product&#038;p=23460"},"modified":"2025-01-06T17:21:41","modified_gmt":"2025-01-06T17:21:41","slug":"serpentinen-anhanger","status":"publish","type":"product","link":"https:\/\/moirai.si\/de\/izdelek\/obesek-serpentin\/","title":{"rendered":"Serpentinen-Anh\u00e4nger"},"content":{"rendered":"<p>Sch\u00f6ner Anh\u00e4nger aus 925er Silber und Serpentin. Kette nicht enthalten. Sie k\u00f6nnen eine neue Halskette hier w\u00e4hlen: <a href=\"https:\/\/moirai.si\/de\/produktkategorie-2\/anhanger-und-ketten\/ketten-und-schnure\/\" target=\"_blank\" rel=\"noopener noreferrer\">Ketten<\/a><\/p>\n<p>MATERIAL: Serpentin, Sterling Silber 925<br \/>\nGEWICHT: 7,1 g<br \/>\nANH\u00c4NGER GR\u00d6SSE: 1,6-3 cm<br \/>\nSTEINST\u00c4RKE: 1,1 cm<\/p>","protected":false},"excerpt":{"rendered":"<p>\u010cudovit obesek iz srebra 925 in Serpentina. Veri\u017eica ni vklju\u010dena v ceno. Novo veri\u017eico si lahko izberete tukaj: Veri\u017eice MATERIAL: Serpentin, Srebro 925 TE\u017dA: 7.1 g VELIKOST OBESKA: 1,6-3 cm DEBELINA KAMNA: 1,1 cm<\/p>","protected":false},"featured_media":23461,"template":"","meta":[],"product_brand":[],"product_cat":[910,745],"product_tag":[359,371],"class_list":{"0":"post-23460","1":"product","2":"type-product","3":"status-publish","4":"has-post-thumbnail","6":"product_cat-obeski-in-srebro","7":"product_cat-serpentin","8":"product_tag-serpentin","9":"product_tag-srebro-925","11":"first","12":"instock","13":"shipping-taxable","14":"purchasable","15":"product-type-simple"},"_links":{"self":[{"href":"https:\/\/moirai.si\/de\/wp-json\/wp\/v2\/product\/23460","targetHints":{"allow":["GET"]}}],"collection":[{"href":"https:\/\/moirai.si\/de\/wp-json\/wp\/v2\/product"}],"about":[{"href":"https:\/\/moirai.si\/de\/wp-json\/wp\/v2\/types\/product"}],"wp:featuredmedia":[{"embeddable":true,"href":"https:\/\/moirai.si\/de\/wp-json\/wp\/v2\/media\/23461"}],"wp:attachment":[{"href":"https:\/\/moirai.si\/de\/wp-json\/wp\/v2\/media?parent=23460"}],"wp:term":[{"taxonomy":"product_brand","embeddable":true,"href":"https:\/\/moirai.si\/de\/wp-json\/wp\/v2\/product_brand?post=23460"},{"taxonomy":"product_cat","embeddable":true,"href":"https:\/\/moirai.si\/de\/wp-json\/wp\/v2\/product_cat?post=23460"},{"taxonomy":"product_tag","embeddable":true,"href":"https:\/\/moirai.si\/de\/wp-json\/wp\/v2\/product_tag?post=23460"}],"curies":[{"name":"wp","href":"https:\/\/api.w.org\/{rel}","templated":true}]}}